{"id":75,"date":"2012-04-12T02:29:44","date_gmt":"2012-04-12T02:29:44","guid":{"rendered":"http:\/\/projects.extanet.com\/ciocd\/?page_id=75"},"modified":"2026-03-17T01:10:39","modified_gmt":"2026-03-17T01:10:39","slug":"donate-now","status":"publish","type":"page","link":"https:\/\/www.ictoc.org\/fr\/donate-now\/","title":{"rendered":"Faire Un Don"},"content":{"rendered":"\n<h2 class=\"wp-block-heading\"><strong>Des dons sont actuellement sollicit\u00e9s afin d\u2019aider<\/strong> <strong>l\u2019Institut Canadien des Troubles obsessifs compulsifs<\/strong><\/h2>\n\n\n\n<h3 class=\"wp-block-heading\">Veuillez vous joindre aux nombreux donateurs pour cette cause capitale et contribuez g\u00e9n\u00e9reusement \u00e0 la campagne actuelle de temps presse de l\u2019ICTOC.<\/h3>\n\n\n\n<p><strong>Votre g\u00e9n\u00e9rosit\u00e9 offrira un soutien essentiel aux diff\u00e9rents programmes de l\u2019ICTOC con\u00e7us pour venir en aide aux personnes atteintes de TOCS : enfants, adolescents, adultes ou ain\u00e9s.<\/strong> Veuillez vous r\u00e9f\u00e9rer \u00e0 la section &#8220;Mission Nationale et Internationale&#8221; sur la page \u00c0 propos du site concernant la mission de l\u2019ICTOC pour de plus amples informations. Il existe de nombreuses fa\u00e7ons de contribuer. Que vous souhaitiez faire un don personnel, collectif ou institutionnel (individu, famille, amis, lieu de travail, fondation), parrainer un \u00e9v\u00e9nement de collecte de fonds, rejoindre le Comit\u00e9 de Sensibilisation et de D\u00e9veloppement de l&#8217;ICTOC ou participer \u00e0 une session \u00e9ducative pour les patients et les familles de votre r\u00e9gion, chaque geste de soutien est appr\u00e9ci\u00e9.<\/p>\n\n\n\n<p><strong>Votre don \u00e0 l\u2019ICTOC permettra de r\u00e9duire la souffrance et l\u2019invalidit\u00e9 qu\u2019occasionnent les TOCS <\/strong>gr\u00e2ce \u00e0 des programmes d&#8217;\u00e9ducation, de formation et autres destin\u00e9s \u00e0 am\u00e9liorer la qualit\u00e9 et l&#8217;accessibilit\u00e9 des soins cliniques sp\u00e9cialis\u00e9s pour les enfants, les adolescents et les adultes souffrant de TOCS et de troubles apparent\u00e9s. Votre don peut \u00eatre fait en l&#8217;honneur d&#8217;une personne que vous souhaitez d\u00e9signer<strong>.<\/strong><\/p>\n\n\n\n<p><strong>Tout don correspondant \u00e0 votre capacit\u00e9 et \u00e0 votre souhait de soutenir cette cause <\/strong>importante est d&#8217;une importance cruciale. En guise de reconnaissance, les bienfaiteurs de plus de&nbsp;<strong>25 000 $<\/strong>&nbsp;sont actuellement honor\u00e9s par le titre de donateurs transformationnels du CIOCD.<\/p>\n\n\n\n<p><strong>L&#8217;ICTOC a besoin actuellement de dons philanthropiques importants<\/strong> afin de permettre \u00e0 l\u2019ICTOC de r\u00e9pondre rapidement aux besoins urgents des personnes atteintes de TOCS, pour des programmes de formation visant \u00e0 am\u00e9liorer l&#8217;acc\u00e8s aux traitements sp\u00e9cialis\u00e9s fond\u00e9s sur des donn\u00e9es probantes pour les enfants et les adultes souffrant de TOCS dans votre r\u00e9gion, et pour organiser des s\u00e9ances d&#8217;information et d&#8217;\u00e9ducation pour les patients et leurs familles.<\/p>\n\n\n\n<p><strong><em>Pour toutes informations concernant les dons, l&#8217;attribution de noms et de dotations, veuillez communiquer avec la Pr\u00e9sidente de l\u2019ICTOC :<\/em><\/strong><\/p>\n\n\n\n<p><strong><em>Dr. Debbie Sookman, <\/em><\/strong><em><a href=\"mailto:president@CIOCD.ca\">president@CIOCD.ca<\/a> or <a href=\"mailto:debbie.sookman@mcgill.ca\">debbie.sookman@mcgill.ca<\/a><\/em><\/p>\n\n\n\n<p><strong><em>Votre don peut se faire en ligne maintenant \u00e0 l\u2019aide du lien ci-dessous.<\/em><\/strong><\/p>\n\n\n\n<figure class=\"wp-block-image\"><img decoding=\"async\" src=\"http:\/\/www.canadahelps.org\/image\/donateNow2b1.gif\" alt=\"Donate Now Through CanadaHelps.org!\"\/><\/figure>\n\n\n\n<p><a href=\"https:\/\/www.canadahelps.org\/dn\/13631\" target=\"_blank\" rel=\"noreferrer noopener\"><\/a><strong>Les informations relatives \u00e0 un virement bancaire pour soumettre un don transformateur sont disponibles sur demande. Vous pouvez \u00e9galement faire un don par ch\u00e8que \u00e0 l\u2019ordre de: L\u2019Institut Canadien des Troubles Obsessifs Compulsifs.<\/strong><\/p>\n\n\n\n<p><strong>Veuillez transmettre votre ch\u00e8que \u00e0:<\/strong><\/p>\n\n\n\n<p><strong>CIOCD ADMINISTRATIVE OFFICE<br><\/strong><strong>c\/o Dr Debbie Sookman, President<br><\/strong><strong>5775 Cavendish Blvd., Suite 518<br><\/strong><strong>Cote St Luc, Montreal, Quebec<br><\/strong><strong>Montreal, PQ., H4W3L9<\/strong><\/p>\n\n\n\n<p>Les donateurs peuvent b\u00e9n\u00e9ficier de l\u2019exemption du gain en capital en effectuant leurs donations par un transfert direct d\u2019actions de soci\u00e9t\u00e9s publiques.<\/p>\n\n\n\n<p><strong>Un re\u00e7u pour fins d\u2019imp\u00f4t sera \u00e9mis par l\u2019ICTOC selon les directives et r\u00e8glements de l\u2019Agence Canadienne du Revenu.<\/strong><\/p>\n\n\n\n<p><strong>L\u2019Institut Canadien des Troubles obsessifs compulsifs est un organisme sans but lucratif selon la Loi Canadienne sur les Organismes sans but lucratif et une entreprise de charit\u00e9 enregistr\u00e9e en vertu de la Loi de l\u2019Imp\u00f4t sur le revenu sous le num\u00e9ro 805819117RR0001.<\/strong><strong>&nbsp;<\/strong><\/p>\n","protected":false},"excerpt":{"rendered":"<p>Des dons sont actuellement sollicit\u00e9s afin d\u2019aider l\u2019Institut Canadien des Troubles obsessifs compulsifs Veuillez vous joindre aux nombreux donateurs pour cette cause capitale et contribuez g\u00e9n\u00e9reusement \u00e0 la campagne actuelle de temps presse de l\u2019ICTOC. Votre g\u00e9n\u00e9rosit\u00e9 offrira un soutien essentiel aux diff\u00e9rents programmes de l\u2019ICTOC con\u00e7us pour venir en aide aux personnes atteintes de&#8230;  <a href=\"https:\/\/www.ictoc.org\/fr\/donate-now\/\" title=\"Read Faire Un Don\">Read more &raquo;<\/a><\/p>\n","protected":false},"author":3,"featured_media":0,"parent":0,"menu_order":0,"comment_status":"closed","ping_status":"open","template":"","meta":{"footnotes":""},"class_list":["post-75","page","type-page","status-publish","hentry"],"_links":{"self":[{"href":"https:\/\/www.ictoc.org\/fr\/wp-json\/wp\/v2\/pages\/75","targetHints":{"allow":["GET"]}}],"collection":[{"href":"https:\/\/www.ictoc.org\/fr\/wp-json\/wp\/v2\/pages"}],"about":[{"href":"https:\/\/www.ictoc.org\/fr\/wp-json\/wp\/v2\/types\/page"}],"author":[{"embeddable":true,"href":"https:\/\/www.ictoc.org\/fr\/wp-json\/wp\/v2\/users\/3"}],"replies":[{"embeddable":true,"href":"https:\/\/www.ictoc.org\/fr\/wp-json\/wp\/v2\/comments?post=75"}],"version-history":[{"count":116,"href":"https:\/\/www.ictoc.org\/fr\/wp-json\/wp\/v2\/pages\/75\/revisions"}],"predecessor-version":[{"id":1135,"href":"https:\/\/www.ictoc.org\/fr\/wp-json\/wp\/v2\/pages\/75\/revisions\/1135"}],"wp:attachment":[{"href":"https:\/\/www.ictoc.org\/fr\/wp-json\/wp\/v2\/media?parent=75"}],"curies":[{"name":"wp","href":"https:\/\/api.w.org\/{rel}","templated":true}]}}