{"id":73,"date":"2012-04-12T02:28:30","date_gmt":"2012-04-12T02:28:30","guid":{"rendered":"http:\/\/projects.extanet.com\/ciocd\/?page_id=73"},"modified":"2026-03-17T01:40:55","modified_gmt":"2026-03-17T01:40:55","slug":"subscriptions","status":"publish","type":"page","link":"https:\/\/www.ictoc.org\/fr\/subscriptions\/","title":{"rendered":"Subscriptions"},"content":{"rendered":"\n<h2 class=\"wp-block-heading has-text-align-center\"><strong>Programme de souscription de l\u2019ICTOC<\/strong><\/h2>\n\n\n\n<p>La participation au Programme de dons par souscription de l\u2019ICTOC est accessible aux organismes et aux cliniques ainsi qu\u2019aux professionnels en sant\u00e9 mentale et aux autres professionnels, de m\u00eame qu\u2019aux \u00e9tudiants et au public. En souscrivant, vous aiderez \u00e0 r\u00e9pondre aux besoins urgents des diff\u00e9rents programmes de l\u2019ICTOC con\u00e7us pour les Canadiens atteints de TOCS&nbsp;: enfants, adolescents et adultes.<\/p>\n\n\n\n<p><strong>Souscription annuelle en Fonds Canadiens\u00a0:<\/strong><br>Organismes et Cliniques\u00a0: $550<br>Professionnels\u00a0: $250<br>Familles\u00a0: $150<br>Public\u00a0: $110<br>\u00c9tudiants\u00a0: $75<\/p>\n\n\n\n<p>Les donateurs seront gracieusement reconnus dans une parution semi-annuelle \u00e0 venir de l\u2019ICTOC qui inclura \u00e9galement des informations r\u00e9centes \u00e0 l\u2019\u00e9chelle nationale et internationale sur les traitements sp\u00e9cialis\u00e9s des TOCS et autres troubles associ\u00e9s.<\/p>\n\n\n\n<p>Pour faire un don, veuillez s\u2019il-vous-pla\u00eet utiliser le lien \u201cFaites un don maintenant\u201d qui se trouve \u00e0 la Section Accueil du site et ci-dessous.<\/p>\n\n\n\n<p>Un re\u00e7u pour fins d\u2019imp\u00f4t sera \u00e9mis par l\u2019ICTOC selon les directives et r\u00e8glements de l\u2019Agence Canadienne du Revenu.<\/p>\n\n\n\n<div style=\"height:30px\" aria-hidden=\"true\" class=\"wp-block-spacer\"><\/div>\n\n\n\n<h3 class=\"wp-block-heading\"><strong>Programme d&#8217;abonnement du ICTOC<\/strong><\/h3>\n\n\n\n<p>La participation au programme de don par abonnement du ICTOC est ouverte aux organisations et aux centres de traitement, aux cliniciens en sant\u00e9 mentale et autres professionnels, aux \u00e9tudiants ainsi qu\u2019au grand public. En devenant abonn\u00e9, vous contribuerez \u00e0 soutenir les programmes du ICTOC, dont le besoin se fait cruellement sentir, destin\u00e9s aux personnes canadiennes souffrant de TOC \u00e0 toutes les \u00e9tapes de leur vie.<\/p>\n\n\n\n<p><strong>Tarifs d&#8217;abonnement annuel aux Fonds canadiens :<\/strong><br>Organisations et centres de traitement : 550 $<br>Professionnels individuels : 250 $<br>Familles monoparentales : 150 $<br>Particuliers : 110 $<br>\u00c9tudiants : 75 $<\/p>\n\n\n\n<p>Les donateurs ayant souscrit un abonnement seront remerci\u00e9s dans le prochain num\u00e9ro du bulletin semestriel du ICTOC, qui pr\u00e9sente des actualit\u00e9s nationales et internationales sur les traitements sp\u00e9cialis\u00e9s, la recherche et les publications concernant le TOC et les troubles du spectre tout au long de la vie. Veuillez cliquer sur le lien \u00ab Faire un don \u00bb sur la page d&#8217;accueil du ICTOC pour faire votre don et devenir abonn\u00e9 au ICTOC. Un re\u00e7u fiscal pour don de bienfaisance sera \u00e9mis par le ICTOC pour les dons, conform\u00e9ment aux lignes directrices et aux r\u00e8glements de l&#8217;Agence du revenu du Canada.<\/p>\n","protected":false},"excerpt":{"rendered":"<p>Programme de souscription de l\u2019ICTOC La participation au Programme de dons par souscription de l\u2019ICTOC est accessible aux organismes et aux cliniques ainsi qu\u2019aux professionnels en sant\u00e9 mentale et aux autres professionnels, de m\u00eame qu\u2019aux \u00e9tudiants et au public. En souscrivant, vous aiderez \u00e0 r\u00e9pondre aux besoins urgents des diff\u00e9rents programmes de l\u2019ICTOC con\u00e7us pour&#8230;  <a href=\"https:\/\/www.ictoc.org\/fr\/subscriptions\/\" title=\"Read Subscriptions\">Read more &raquo;<\/a><\/p>\n","protected":false},"author":3,"featured_media":0,"parent":0,"menu_order":0,"comment_status":"closed","ping_status":"open","template":"","meta":{"footnotes":""},"class_list":["post-73","page","type-page","status-publish","hentry"],"_links":{"self":[{"href":"https:\/\/www.ictoc.org\/fr\/wp-json\/wp\/v2\/pages\/73","targetHints":{"allow":["GET"]}}],"collection":[{"href":"https:\/\/www.ictoc.org\/fr\/wp-json\/wp\/v2\/pages"}],"about":[{"href":"https:\/\/www.ictoc.org\/fr\/wp-json\/wp\/v2\/types\/page"}],"author":[{"embeddable":true,"href":"https:\/\/www.ictoc.org\/fr\/wp-json\/wp\/v2\/users\/3"}],"replies":[{"embeddable":true,"href":"https:\/\/www.ictoc.org\/fr\/wp-json\/wp\/v2\/comments?post=73"}],"version-history":[{"count":29,"href":"https:\/\/www.ictoc.org\/fr\/wp-json\/wp\/v2\/pages\/73\/revisions"}],"predecessor-version":[{"id":1162,"href":"https:\/\/www.ictoc.org\/fr\/wp-json\/wp\/v2\/pages\/73\/revisions\/1162"}],"wp:attachment":[{"href":"https:\/\/www.ictoc.org\/fr\/wp-json\/wp\/v2\/media?parent=73"}],"curies":[{"name":"wp","href":"https:\/\/api.w.org\/{rel}","templated":true}]}}