{"id":457,"date":"2013-10-08T19:35:22","date_gmt":"2013-10-08T19:35:22","guid":{"rendered":"http:\/\/www.ictoc.org\/fr\/?page_id=457"},"modified":"2026-03-17T00:45:44","modified_gmt":"2026-03-17T00:45:44","slug":"members-of-the-ciocd-accreditation-task-force","status":"publish","type":"page","link":"https:\/\/www.ictoc.org\/fr\/members-of-the-ciocd-accreditation-task-force\/","title":{"rendered":"Members of the CIOCD Accreditation Task Force"},"content":{"rendered":"\n<h2 class=\"wp-block-heading\">CIOCD 21 Nation International Obsessive Compulsive Disorders Accreditation Task Force (ATF)<\/h2>\n\n\n\n<p><em>Chair, Debbie Sookman, PhD, McGill University, Canada and David Veale, MD, Kings College London, UK<\/em><\/p>\n\n\n\n<p><em>Senior Consultant: Katharine Phillps, MD, Cornell University, USA<\/em><\/p>\n\n\n\n<p><strong>Pays repr\u00e9sent\u00e9s<\/strong> (N = 21) : Australie, Br\u00e9sil, Canada, Chili, Chine, Danemark, Angleterre, Gr\u00e8ce, Islande, Inde, Isra\u00ebl, Italie, Japon, Mexique, Pays-Bas, Norv\u00e8ge, Afrique du Sud, Cor\u00e9e du Sud, Espagne, Su\u00e8de, \u00c9tats-Unis<\/p>\n\n\n\n<p><strong><em>ATF Membres et auteurs<\/em><\/strong> <strong><em>:\u00a0 \u00a0 \u00a0 \u00a0 \u00a0 \u00a0 \u00a0 \u00a0 \u00a0 \u00a0 \u00a0 \u00a0 \u00a0 \u00a0 \u00a0 \u00a0 \u00a0 \u00a0 \u00a0 \u00a0 \u00a0 \u00a0 \u00a0 \u00a0 \u00a0 \u00a0 \u00a0 \u00a0 \u00a0 \u00a0 \u00a0 \u00a0 \u00a0 \u00a0 \u00a0 \u00a0 \u00a0<\/em><\/strong><\/p>\n\n\n\n<p>Yoshinari Abe, MD, PhD, Kyoto Prefectural University of Medicine, Japan<\/p>\n\n\n\n<p>Yaseen Syed Ahmed, PhD, National Institute of Mental Health and Neuro Sciences, India<\/p>\n\n\n\n<p>Lila Amirali, MD, University of Montreal, Canada<\/p>\n\n\n\n<p>Gideon Anholt, PhD, Ben Gurion University of the Negev, Israel<\/p>\n\n\n\n<p>Paul Arnold, MD, PhD, University of Calgary, Canada<\/p>\n\n\n\n<p>Fernando Asbahr, MD, PhD, University of S\u00e3o Paulo, Brazil<\/p>\n\n\n\n<p>Kristina Aspvall, PhD, Karolinska Instituet, Sweden<\/p>\n\n\n\n<p>Srinivas Balachander, MD, National Institute of Mental Health and Neurosciences, India<\/p>\n\n\n\n<p>Emily Becker-Haimes, PhD, University of Pennsylvania, USA<\/p>\n\n\n\n<p>Shannon Bennett, PhD,&nbsp;Cornell University, USA<\/p>\n\n\n\n<p>Noah Berman, PhD, College of the Holy Cross, USA<\/p>\n\n\n\n<p>Sunil Bhar, PhD, Swinburn University of Technology, Australia<\/p>\n\n\n\n<p>Victoria Bream, PhD, Oxford Cognitive Therapy Centre, UK<\/p>\n\n\n\n<p>Brian P. Brennan, MD, MMSc, Harvard University, USA<\/p>\n\n\n\n<p>Rosa Calvo, MD, PhD, University of Barcelona, Spain<\/p>\n\n\n\n<p>David Castle, MD, MSc, University of Toronto, Canada<\/p>\n\n\n\n<p>Fiona L. Challacombe, PhD, King\u2019s College London, UK<\/p>\n\n\n\n<p>Augusta Chandler, B.A. (Hons), DipCoT, PGCert, Royal Holloway, London, UK<\/p>\n\n\n\n<p>Kezia Christopher, PhD, National Institute of Mental Health and Neuro Sciences, India<\/p>\n\n\n\n<p>Barbara Coffey, MD, University of Miami, USA<\/p>\n\n\n\n<p>Meredith Coles, PhD, Binghampton University, USA<\/p>\n\n\n\n<p>Danielle Cornacchio, PhD, University of California Los Angeles, USA<\/p>\n\n\n\n<p>Daniel Costa, MD, University of Sao Paulo Medical School, Brazil<\/p>\n\n\n\n<p>Jesse Cougle, PhD, Florida State University, USA<\/p>\n\n\n\n<p>Julia Cox, PhD, University of California Los Angeles, USA<\/p>\n\n\n\n<p>Michelle G. Craske, PhD,&nbsp;University of California Los Angeles, USA<\/p>\n\n\n\n<p>Diane Dallal, PhD, University of Pennsylvania, USA<\/p>\n\n\n\n<p>Maria Alice de Mathis, PhD, University of Sao Paulo, Brazil<\/p>\n\n\n\n<p>Diksha Dugar, PhD, National Institute of Mental Health and Neuro Sciences, India<\/p>\n\n\n\n<p>Christine D\u2019Urso, PhD, Hofstra Northwell, USA<\/p>\n\n\n\n<p>Qing Fan, MD, PhD, Shanghai Jiao Tong University, China<\/p>\n\n\n\n<p>Lara Farrell, PhD, Griffith University, Australia<\/p>\n\n\n\n<p>Annie Fellows, B.Sc. (Hons), University of Bath, UK<\/p>\n\n\n\n<p>Jamie Feusner, MD, University of Toronto, Canada<\/p>\n\n\n\n<p>Edna Foa, PhD,&nbsp;University of Pennsylvania, USA<\/p>\n\n\n\n<p>Mark Freeston, PhD, Newcastle University, UK<\/p>\n\n\n\n<p>Ben Greenberg, MD, Brown University, USA<\/p>\n\n\n\n<p>Erica Greenberg, MD, Harvard University, USA<\/p>\n\n\n\n<p>Shayna Greenberg, M.A., Loma Linda University; University of California Los Angeles, USA<\/p>\n\n\n\n<p>Sisi Guo, PhD, University of California Los Angeles, USA<\/p>\n\n\n\n<p>Gregory L. Hanna, MD, University of Michigan, USA<\/p>\n\n\n\n<p>Dianne Hezel, PhD, Columbia University, USA<\/p>\n\n\n\n<p>Mike Himle, PhD, University of Utah, USA<\/p>\n\n\n\n<p>James Hodgins, PhD, Loma Linda University; University of California Los Angeles, USA<\/p>\n\n\n\n<p>Marcelo Hoexter, MD, University of Sao Paolo, Brazil<\/p>\n\n\n\n<p>David H\u00f8jgaard, PhD, Aarhus University Hospital Psychiatry, Denmark<\/p>\n\n\n\n<p>Robert Hudak, MD, University of Pittsburgh, USA<\/p>\n\n\n\n<p>Jonathan Huppert, PhD, The Hebrew University of Jerusalem, Israel<\/p>\n\n\n\n<p>Y.C. Janardhan Reddy, D.P.M., M.D., National Institute of Mental Health and Neurosciences, India<\/p>\n\n\n\n<p>Amita Jassi, PhD, King\u2019s College London, UK<\/p>\n\n\n\n<p>Jemimah Johnson, PhD, National Institute of Mental Health and Neuro Sciences, India<\/p>\n\n\n\n<p>Minah Kim, MD, PhD, Seoul National University, South Korea<\/p>\n\n\n\n<p>Lorrin Koran, MD, Stanford University, USA<\/p>\n\n\n\n<p>Georgina Krebs, PhD, University College London, UK<\/p>\n\n\n\n<p>Jun Soo Kwon, MD, Seoul National University, South Korea<\/p>\n\n\n\n<p>Nuria Lanzagorta, MSc,&nbsp;Carraccil Medical Group, Mexico<\/p>\n\n\n\n<p>Judith Laposa, PhD, University of Toronto, Canada<\/p>\n\n\n\n<p>Adam Lewin, PhD, University of South Florida, USA<\/p>\n\n\n\n<p>Christine Lochner, PhD, University of Stellenbosch, South Africa<\/p>\n\n\n\n<p>Omar Lopez, MSc, MFT, Clinica de Disciplinas Cognitivo Conductuales, Mexico<\/p>\n\n\n\n<p>Helen Macdonald, PhD, BABCP, UK<\/p>\n\n\n\n<p>Munivenkatappa Manjula, PhD, National Institute of Mental Health and Neurosciences, India<\/p>\n\n\n\n<p>Donatella Marazziti, MD, University of Pisa, Italy<\/p>\n\n\n\n<p>Sabina Marriott, B.Sc. (Hons), PGCert, PGDip, King\u2019s College London, UK<\/p>\n\n\n\n<p>Kuno Masaru, MD, PhD, Chiba University Hospital, Japan<\/p>\n\n\n\n<p>David Mataix-Cols, PhD,&nbsp;Karolinska Institutet, Sweden<\/p>\n\n\n\n<p>Hisato Matsunaga, MD, Hyogo Medical University, Japan<\/p>\n\n\n\n<p>Joseph F. McGuire, PhD, John Hopkins University, USA<\/p>\n\n\n\n<p>Nicole McLaughlin, PhD, Brown University, USA<\/p>\n\n\n\n<p>Euripides Constantino Miguel, MD, PhD, University of Sao Paolo, Brazil<\/p>\n\n\n\n<p>Andrew Moses Lee, MD, PhD, University of California Los Angeles, USA<\/p>\n\n\n\n<p>Anju Nair, PhD, National Institute of Mental Health and Neuro Sciences, India<\/p>\n\n\n\n<p>Gerald Nestadt, MD, Johns Hopkins University, USA<\/p>\n\n\n\n<p>Fugen Neziroglu, PhD, Bio-Behavioral Institute, USA<\/p>\n\n\n\n<p>Humberto Nicolini, MD, PhD, National Autonomous University of Mexico, Mexico<\/p>\n\n\n\n<p>Anna Nisyraiou, PhD, University of Macedonia, Greece<\/p>\n\n\n\n<p>Erika Nurmi, MD, PhD, University of California Los Angeles, USA<\/p>\n\n\n\n<p>Emily Olfson, MD, PhD, Yale University, USA<\/p>\n\n\n\n<p>Ilenia Pampaloni, MD, South West London and St Georges NHS Trust, UK<\/p>\n\n\n\n<p>Michele Pato, MD, Rutgers University, USA<\/p>\n\n\n\n<p>Rebecca Pedley, PhD, University of Manchester, UK<\/p>\n\n\n\n<p>Tara Peris, PhD,&nbsp;University of California Los Angeles, USA<\/p>\n\n\n\n<p>Sean Perrin, PhD, Lund University, Sweden<\/p>\n\n\n\n<p>Katharine Phillips, MD, Cornell University, USA<\/p>\n\n\n\n<p>John Piacentini, PhD, University of California Los Angeles, USA<\/p>\n\n\n\n<p>Anthony Pinto, PhD, Hofstra Northwell, USA<\/p>\n\n\n\n<p>Christopher Pittenger, MD, PhD, Yale University, USA<\/p>\n\n\n\n<p>C. Alec Pollard, PhD, Saint Louis University, USA<\/p>\n\n\n\n<p>Vivian Qi, PhD, University of British Columbia, Canada<\/p>\n\n\n\n<p>Carolyn I. Rodriguez, MD, PhD, Stanford University, USA<\/p>\n\n\n\n<p>Sanjaya Saxena, MD, University of California San Diego, USA<\/p>\n\n\n\n<p>Michelle Rozenman, PhD,&nbsp;University of Denver, USA<\/p>\n\n\n\n<p>Moira A. Rynn, MD,&nbsp;Duke University Medical Center, USA<\/p>\n\n\n\n<p>Khodayar Shahriyarmolki, PhD, King\u2019s College London, UK<\/p>\n\n\n\n<p>Eesha Sharma, MD, National Institute of Mental Health and Neurosciences, India<\/p>\n\n\n\n<p>Roseli Gedanke Shavitt, MD, PhD, University of Sao Paolo, Brazil<\/p>\n\n\n\n<p>Gregoris Simos, MD, University of Macedonia, Greece<\/p>\n\n\n\n<p>Meropi Simou, PhD, Aristotle University of Thessaloniki, Greece<\/p>\n\n\n\n<p>H. Blair Simpson, MD, Columbia University, USA<\/p>\n\n\n\n<p>Gudmundur Skarph\u00e9\u00f0insson, Ph.D., University of Iceland, Iceland<\/p>\n\n\n\n<p>Norbert Skokauskas, MD, PhD, Norwegian University of Science and Technology, Norway<\/p>\n\n\n\n<p>Ingrid S\u00f6chting, PhD, University of British Columbia, Canada&nbsp;<\/p>\n\n\n\n<p>Debbie Sookman, PhD, McGill University, Canada<\/p>\n\n\n\n<p>Dan J. Stein, MD, University of Cape Town, South Africa<\/p>\n\n\n\n<p>Eric A. Storch, PhD, Baylor College of Medicine, USA<\/p>\n\n\n\n<p>Paulomi Sudhir, PhD, National Institute of Mental Health and Neurosciences, India<\/p>\n\n\n\n<p>Laura J. Summerfeldt, PhD, Trent University, Canada<\/p>\n\n\n\n<p>Shyam Sundar Arumugham, MD, DNB, National Institute of Mental Health and Neurosciences, India<\/p>\n\n\n\n<p>Jeff Szymanski, PhD, Harvard University, USA<\/p>\n\n\n\n<p>Marlene Taube-Schiff, PhD, University of Toronto, Canada<\/p>\n\n\n\n<p>Nor Christian Torp, PhD, University of Bergen, Denmark<\/p>\n\n\n\n<p>Michael Treanor, PhD, University of California Los Angeles, USA<\/p>\n\n\n\n<p>Michael Van Ameringen, MD, McMaster University, Canada<\/p>\n\n\n\n<p>Barbara Van Noppen, PhD, University of Southern California, USA<\/p>\n\n\n\n<p>Patricia van Oppen, PhD, Amsterdam UMC, Netherlands<\/p>\n\n\n\n<p>David Veale, MD, King\u2019s College London, UK<\/p>\n\n\n\n<p>Henny Visser, PhD, Amsterdam UMC, Netherlands<\/p>\n\n\n\n<p>John Walkup, MD, Northwestern University, USA<\/p>\n\n\n\n<p>Polly Waite, DClinPsy, PhD, University of Oxford, UK<\/p>\n\n\n\n<p>Lidewij H. Wolters, PhD, Amsterdam UMC, Netherlands<\/p>\n\n\n\n<p>Mina Yadegar, PsyD, University of California Los Angeles, USA<\/p>\n\n\n\n<p>Elna&nbsp;Yadin, PhD,&nbsp;University of Pennsylvania, USA<\/p>\n\n\n\n<p>Carolina Zarate, MD, PhD, Universidad de Chile, Chile<\/p>\n\n\n\n<p>Kayla Zebrowski, MSW, LCSW, Washington University in St. Louis, USA<\/p>\n\n\n\n<p>Wang Zhen, MD, PhD, Shanghai Jiao Tong University School of Medicine, P.R.China<\/p>\n\n\n\n<p>Daniel Zigman, MD, McGill University, Canada<\/p>\n\n\n\n<p><strong><em>ATF Assistants<\/em><\/strong> :<\/p>\n\n\n\n<p>Emily Mizzi, BSc (Hons, in progress), McGill University, Canada<\/p>\n\n\n\n<p>Stefania Bielkina, BA (in progress), McGill University, Canada&nbsp;<\/p>\n","protected":false},"excerpt":{"rendered":"<p>CIOCD 21 Nation International Obsessive Compulsive Disorders Accreditation Task Force (ATF) Chair, Debbie Sookman, PhD, McGill University, Canada and David Veale, MD, Kings College London, UK Senior Consultant: Katharine Phillps, MD, Cornell University, USA Pays repr\u00e9sent\u00e9s (N = 21) : Australie, Br\u00e9sil, Canada, Chili, Chine, Danemark, Angleterre, Gr\u00e8ce, Islande, Inde, Isra\u00ebl, Italie, Japon, Mexique, Pays-Bas,&#8230;  <a href=\"https:\/\/www.ictoc.org\/fr\/members-of-the-ciocd-accreditation-task-force\/\" title=\"Read Members of the CIOCD Accreditation Task Force\">Read more &raquo;<\/a><\/p>\n","protected":false},"author":3,"featured_media":0,"parent":0,"menu_order":0,"comment_status":"closed","ping_status":"closed","template":"","meta":{"footnotes":""},"class_list":["post-457","page","type-page","status-publish","hentry"],"_links":{"self":[{"href":"https:\/\/www.ictoc.org\/fr\/wp-json\/wp\/v2\/pages\/457","targetHints":{"allow":["GET"]}}],"collection":[{"href":"https:\/\/www.ictoc.org\/fr\/wp-json\/wp\/v2\/pages"}],"about":[{"href":"https:\/\/www.ictoc.org\/fr\/wp-json\/wp\/v2\/types\/page"}],"author":[{"embeddable":true,"href":"https:\/\/www.ictoc.org\/fr\/wp-json\/wp\/v2\/users\/3"}],"replies":[{"embeddable":true,"href":"https:\/\/www.ictoc.org\/fr\/wp-json\/wp\/v2\/comments?post=457"}],"version-history":[{"count":20,"href":"https:\/\/www.ictoc.org\/fr\/wp-json\/wp\/v2\/pages\/457\/revisions"}],"predecessor-version":[{"id":1104,"href":"https:\/\/www.ictoc.org\/fr\/wp-json\/wp\/v2\/pages\/457\/revisions\/1104"}],"wp:attachment":[{"href":"https:\/\/www.ictoc.org\/fr\/wp-json\/wp\/v2\/media?parent=457"}],"curies":[{"name":"wp","href":"https:\/\/api.w.org\/{rel}","templated":true}]}}