{"id":45,"date":"2012-04-12T01:24:59","date_gmt":"2012-04-12T01:24:59","guid":{"rendered":"http:\/\/projects.extanet.com\/ciocd\/?page_id=45"},"modified":"2026-03-17T01:57:25","modified_gmt":"2026-03-17T01:57:25","slug":"contact-us","status":"publish","type":"page","link":"https:\/\/www.ictoc.org\/fr\/contact-us\/","title":{"rendered":"Contactez-nous"},"content":{"rendered":"\n<h2 class=\"wp-block-heading\"><strong>L\u2019Institut Canadien des Troubles Obsessifs Compulsifs<\/strong><\/h2>\n\n\n\n<p><strong>Les commentaires, questions et la participation des professionnels et consommateurs sont les bienvenus.<\/strong><br><strong>Toute correspondance adress\u00e9e \u00e0 l\u2019ICTOC est strictement confidentielle et recevra une r\u00e9ponse personnalis\u00e9e.<\/strong><\/p>\n\n\n\n<p><strong>L\u2019Institut Canadien des Troubles Obsessifs Compulsifs<\/strong><\/p>\n\n\n\n<p><strong>Si\u00e8ge social<\/strong><br><strong>Head Office<\/strong> Bay Adelaide Centre, East Tower,<br>22 Adelaide St W,Toronto, ON, Canada M5H 4E3.<\/p>\n\n\n\n<div class=\"wp-block-columns is-layout-flex wp-container-core-columns-is-layout-9d6595d7 wp-block-columns-is-layout-flex\">\n<div class=\"wp-block-column is-layout-flow wp-block-column-is-layout-flow\" style=\"flex-basis:22.22%\">\n<p>T\u00e9l:<\/p>\n\n\n\n<p>Courriel:<\/p>\n<\/div>\n\n\n\n<div class=\"wp-block-column is-layout-flow wp-block-column-is-layout-flow\" style=\"flex-basis:44.45%\">\n<p>1-514-484-5523<\/p>\n\n\n\n<p><a href=\"mailto:connect@CIOCD.ca\">connect@CIOCD.ca<\/a><br><a href=\"mailto:president@CIOCD.ca\">president@CIOCD.ca<\/a> or<br><a href=\"mailto:debbie.sookman@mcgill.ca\">debbie.sookman@mcgill<\/a><br><\/p>\n<\/div>\n\n\n\n<div class=\"wp-block-column is-layout-flow wp-block-column-is-layout-flow\" style=\"flex-basis:33.33%\"><\/div>\n<\/div>\n\n\n\n<h2 class=\"wp-block-heading\"><a href=\"https:\/\/www.ictoc.org\/fr\/public\/\"><strong>Trouver de l&#8217;aide<\/strong><\/a><\/h2>\n\n\n\n<p>S&#8217;il vous pla\u00eet vous r\u00e9f\u00e9rer \u00e0 la page Public pour une liste des services pour les TOCS et autres troubles associ\u00e9s \u00e0 travers le Canada. L&#8217;ICTOC compl\u00e8te pr\u00e9sentement un sondage national formel des services et formation en traitement sp\u00e9cialis\u00e9 des TOCS.<\/p>\n\n\n\n<p>Votre don peut changer la vie d&#8217;un enfant ou d&#8217;un adulte souffrant d&#8217;un TOC.<\/p>\n\n\n\n<h2 class=\"wp-block-heading\"><a href=\"https:\/\/www.ictoc.org\/fr\/donate-now\/\"><strong>Faire un Don<\/strong><\/a><\/h2>\n","protected":false},"excerpt":{"rendered":"<p>L\u2019Institut Canadien des Troubles Obsessifs Compulsifs Les commentaires, questions et la participation des professionnels et consommateurs sont les bienvenus.Toute correspondance adress\u00e9e \u00e0 l\u2019ICTOC est strictement confidentielle et recevra une r\u00e9ponse personnalis\u00e9e. L\u2019Institut Canadien des Troubles Obsessifs Compulsifs Si\u00e8ge socialHead Office Bay Adelaide Centre, East Tower,22 Adelaide St W,Toronto, ON, Canada M5H 4E3. T\u00e9l: Courriel: 1-514-484-5523&#8230;  <a href=\"https:\/\/www.ictoc.org\/fr\/contact-us\/\" title=\"Read Contactez-nous\">Read more &raquo;<\/a><\/p>\n","protected":false},"author":3,"featured_media":0,"parent":0,"menu_order":0,"comment_status":"closed","ping_status":"closed","template":"","meta":{"footnotes":""},"class_list":["post-45","page","type-page","status-publish","hentry"],"_links":{"self":[{"href":"https:\/\/www.ictoc.org\/fr\/wp-json\/wp\/v2\/pages\/45","targetHints":{"allow":["GET"]}}],"collection":[{"href":"https:\/\/www.ictoc.org\/fr\/wp-json\/wp\/v2\/pages"}],"about":[{"href":"https:\/\/www.ictoc.org\/fr\/wp-json\/wp\/v2\/types\/page"}],"author":[{"embeddable":true,"href":"https:\/\/www.ictoc.org\/fr\/wp-json\/wp\/v2\/users\/3"}],"replies":[{"embeddable":true,"href":"https:\/\/www.ictoc.org\/fr\/wp-json\/wp\/v2\/comments?post=45"}],"version-history":[{"count":42,"href":"https:\/\/www.ictoc.org\/fr\/wp-json\/wp\/v2\/pages\/45\/revisions"}],"predecessor-version":[{"id":1171,"href":"https:\/\/www.ictoc.org\/fr\/wp-json\/wp\/v2\/pages\/45\/revisions\/1171"}],"wp:attachment":[{"href":"https:\/\/www.ictoc.org\/fr\/wp-json\/wp\/v2\/media?parent=45"}],"curies":[{"name":"wp","href":"https:\/\/api.w.org\/{rel}","templated":true}]}}