{"id":41,"date":"2012-04-12T01:21:45","date_gmt":"2012-04-12T01:21:45","guid":{"rendered":"http:\/\/projects.extanet.com\/ciocd\/?page_id=41"},"modified":"2026-03-17T01:32:38","modified_gmt":"2026-03-17T01:32:38","slug":"public","status":"publish","type":"page","link":"https:\/\/www.ictoc.org\/fr\/public\/","title":{"rendered":"Public"},"content":{"rendered":"\n<h2 class=\"wp-block-heading has-text-align-center\"><strong>Le Programme d\u2019\u00c9ducation et de Sensibilisation de<\/strong><br><strong>l\u2019Institut Canadien des Troubles obsessifs compulsifs<\/strong><\/h2>\n\n\n\n<p>Le Comit\u00e9 responsable du Programme d\u2019\u00c9ducation et de Sensibilisation de l\u2019Institut a un mandat de repr\u00e9sentation aupr\u00e8s de l\u2019Institut de toutes personnes int\u00e9ress\u00e9es par la cause dans chaque province et r\u00e9gion du Canada. Les initiatives d&#8217;\u00e9ducation, les pr\u00e9sentations, les conf\u00e9rences, les ateliers et les groupes de soutien concernant le trouble obsessionnel-compulsif et les troubles connexes tout au long de la vie seront mis \u00e0 la disposition des personnes souffrant de trouble obsessionnel-compulsif et de leurs familles \u00e0 travers le Canada. L\u2019information n\u00e9cessaire \u00e0 la prise de d\u00e9cision quant aux choix de traitement sera aussi mise \u00e0 la disposition des personnes habitant au Canada dans des r\u00e9gions \u00e9loign\u00e9es.<\/p>\n\n\n\n<h3 class=\"wp-block-heading\"><strong><a href=\"http:\/\/www.ictoc.org\/wp-content\/uploads\/2018\/04\/Canadian-Services-for-Obsessive-Compulsive-Disorder-2018.pdf\">Services Canadiens disponibles pour le Traitement sp\u00e9cialis\u00e9 des TOCS chez les enfants, adolescents et les adultes<\/a><\/strong><\/h3>\n\n\n\n<p><strong>Le&nbsp;Comit\u00e9 de Sensibilisation et de D\u00e9veloppement est dirig\u00e9 par des collaborateurs d\u00e9vou\u00e9s, incluant des professionnels, des dirigeants communautaires et des groupes nationaux. Les personnes souffrant de TOCS et leurs familles sont activement impliqu\u00e9es dans l\u2019Institut.<\/strong><\/p>\n\n\n\n<p><strong>Les nouveaux participants sont les bienvenus.<\/strong><\/p>\n\n\n\n<p>Pour plus d&#8217;information ou pour vous impliquer avec les programmes de l&#8217;ICTOC, s&#8217;il vous pla\u00eet <a href=\"https:\/\/www.ictoc.org\/fr\/contact-us\/\">contactez nous<\/a>.<\/p>\n","protected":false},"excerpt":{"rendered":"<p>Le Programme d\u2019\u00c9ducation et de Sensibilisation del\u2019Institut Canadien des Troubles obsessifs compulsifs Le Comit\u00e9 responsable du Programme d\u2019\u00c9ducation et de Sensibilisation de l\u2019Institut a un mandat de repr\u00e9sentation aupr\u00e8s de l\u2019Institut de toutes personnes int\u00e9ress\u00e9es par la cause dans chaque province et r\u00e9gion du Canada. Les initiatives d&#8217;\u00e9ducation, les pr\u00e9sentations, les conf\u00e9rences, les ateliers et&#8230;  <a href=\"https:\/\/www.ictoc.org\/fr\/public\/\" title=\"Read Public\">Read more &raquo;<\/a><\/p>\n","protected":false},"author":3,"featured_media":0,"parent":0,"menu_order":0,"comment_status":"closed","ping_status":"open","template":"","meta":{"footnotes":""},"class_list":["post-41","page","type-page","status-publish","hentry"],"_links":{"self":[{"href":"https:\/\/www.ictoc.org\/fr\/wp-json\/wp\/v2\/pages\/41","targetHints":{"allow":["GET"]}}],"collection":[{"href":"https:\/\/www.ictoc.org\/fr\/wp-json\/wp\/v2\/pages"}],"about":[{"href":"https:\/\/www.ictoc.org\/fr\/wp-json\/wp\/v2\/types\/page"}],"author":[{"embeddable":true,"href":"https:\/\/www.ictoc.org\/fr\/wp-json\/wp\/v2\/users\/3"}],"replies":[{"embeddable":true,"href":"https:\/\/www.ictoc.org\/fr\/wp-json\/wp\/v2\/comments?post=41"}],"version-history":[{"count":32,"href":"https:\/\/www.ictoc.org\/fr\/wp-json\/wp\/v2\/pages\/41\/revisions"}],"predecessor-version":[{"id":1154,"href":"https:\/\/www.ictoc.org\/fr\/wp-json\/wp\/v2\/pages\/41\/revisions\/1154"}],"wp:attachment":[{"href":"https:\/\/www.ictoc.org\/fr\/wp-json\/wp\/v2\/media?parent=41"}],"curies":[{"name":"wp","href":"https:\/\/api.w.org\/{rel}","templated":true}]}}