{"id":39,"date":"2012-04-12T01:18:39","date_gmt":"2012-04-12T01:18:39","guid":{"rendered":"http:\/\/projects.extanet.com\/ciocd\/?page_id=39"},"modified":"2026-03-17T01:35:26","modified_gmt":"2026-03-17T01:35:26","slug":"research","status":"publish","type":"page","link":"https:\/\/www.ictoc.org\/fr\/research\/","title":{"rendered":"Research"},"content":{"rendered":"\n<h2 class=\"wp-block-heading\"><strong>Recherche scientifique de l\u2019ICTOC<\/strong><\/h2>\n\n\n\n<p>L\u2019ICTOC encourage, \u00e0 l\u2019\u00e9chelle nationale et internationale, la collaboration entre sp\u00e9cialistes des TOCS tant au niveau clinique qu\u2019en recherche et de l\u2019avancement de la recherche scientifique afin de faire conna\u00eetre les meilleures normes de pratique pour le traitement sp\u00e9cialis\u00e9 des TOCS. Les recherches soutenues par l\u2019ICTOC se concentrent sur l&#8217;am\u00e9lioration de l&#8217;accessibilit\u00e9 \u00e0 des traitements sp\u00e9cialis\u00e9s opportuns et fond\u00e9s sur des donn\u00e9es probantes pour les TOCS et les troubles connexes tout au long de la vie, ainsi que sur des interventions sp\u00e9cialis\u00e9es visant \u00e0 am\u00e9liorer les taux de gu\u00e9rison de la maladie. Les recherches en cours et les publications r\u00e9centes du comit\u00e9 de l&#8217;ICTOC sont disponibles sur demande.<\/p>\n\n\n\n<p>Vous trouverez ci-dessous une s\u00e9lection de publications dans ce domaine, certaines \u00e9manant de la Formation et l\u2019Accr\u00e9ditation dans le Traitement des TOCS (ATF*) et d&#8217;autres auxquelles l&#8217;ICTOC n&#8217;a pas particip\u00e9.<\/p>\n\n\n\n<p style=\"font-size:16px\">Aggarwal, N. K., Sadaghiyani, S., Kananian, S., Lam, P., Messner, G., Marincowitz, C., Narayan, M., Luciano, A. C., van Balkom, A. J. L. M., Hezel, D., Lochner, C., Shavitt, R. G., van den Heuvel, O. A., Simpson, B., &amp; Lewis-Fern\u00e1ndez, R. (2024). Patient Perceptions of Illness Causes and Treatment Preferences for Obsessive-Compulsive Disorder: A Mixed-Methods Study. <em>Culture, Medicine and Psychiatry<\/em>, 10.1007\/s11013-024-09865-5. Advance online publication.&nbsp;<a href=\"https:\/\/doi.org\/10.1007\/s11013-024-09865-5\">https:\/\/doi.org\/10.1007\/s11013-024-09865-5<\/a><\/p>\n\n\n\n<p style=\"font-size:16px\">Asnaani, A., Kaczkurkin, A. N., Alpert, E., McLean, C. P., Simpson, H. B., &amp; Foa, E. (2017). The effect of treatment on quality of life and functioning in OCD. <em>Comprehensive Psychiatry<\/em>, 73, 7-14.<\/p>\n\n\n\n<p style=\"font-size:16px\">*ATF Five Paper Special Issue: Knowledge and Competency Standards for Specialized Treatments for OCD Through the Lifespan, <em>Psychiatry Research<\/em>, 2021. <a href=\"https:\/\/www.sciencedirect.com\/journal\/psychiatry-research\/special-issue\/10QR7D2XHJ0\">https:\/\/www.sciencedirect.com\/journal\/psychiatry-research\/special-issue\/10QR7D2XHJ0<\/a><\/p>\n\n\n\n<p style=\"font-size:16px\">Bruin, W. B., Abe, Y., Alonso, P., Anticevic, A., Backhausen, L. L., Balachander, S., \u2026 Van Wingen, G. A. (2023). The functional connectome in obsessive-compulsive disorder: Resting-state mega-analysis and machine learning classification for the ENIGMA-OCD consortium. <em>Molecular Psychiatry<\/em>, 28(10), 4307-4319.&nbsp;<a href=\"https:\/\/doi.org\/10.1038\/s41380-023-02077-0\">https:\/\/doi.org\/10.1038\/s41380-023-02077-0<\/a><\/p>\n\n\n\n<p style=\"font-size:16px\">Cervin, M., McGuire, J. F., D\u2019Souza, J. M., De Nadai, A. S., Aspvall, K., Goodman, W. K., Andr\u00e9n, P., Schneider, S. C., Geller, D. A., Mataix-Cols, D., &amp; Storch, E. A. (2024). Efficacy and acceptability of cognitive-behavioral therapy and serotonin reuptake inhibitors for pediatric obsessive-compulsive disorder: a network meta-analysis.&nbsp;<em>J Child Psychol Psychiatry<\/em>, <em>65<\/em>(5), 594-609. https:\/\/doi.org\/10.1111\/jcpp.13934&nbsp;<\/p>\n\n\n\n<p style=\"font-size:16px\">Elsner, B., Jacobi, T., Kischkel, E., Schulze, D., &amp; Reuter, B. (2022). Mechanisms of exposure and response prevention in obsessive-compulsive disorder: Effects of habituation and expectancy violation on short-term outcome in cognitive behavioral therapy.&nbsp;<em>BMC Psychiatry, Vol 22, 2022, ArtID 66<\/em>,<em>&nbsp;22<\/em>.<\/p>\n\n\n\n<p style=\"font-size:16px\">*Fineberg, N. A., Reghunandanan, S., Simpson, H. B., Phillips, K., Richter, P., Matthews, K., Stein. D. S.,&nbsp; Saeen J., Brown A., &amp; Sookman, D. (2015). Obsessive Compulsive Disorder (OCD): practical strategies for pharmacological and somatic treatment in adults, <em>Psychiatry Research, 227, <\/em>114-125.<\/p>\n\n\n\n<p style=\"font-size:16px\">Flygare, O., Andersson, E., Ringberg, H., Hellstadius, A. C., Edbacken, J., Enander, J., Dahl, M., Aspvall, K., Windh, I., Russell, A., Mataix-Cols, D., &amp; R\u00fcck, C. (2019). Adapted cognitive behavior therapy for obsessive-compulsive disorder with co-occurring autism spectrum disorder: A clinical effectiveness study. <em>Autism<\/em>, 1362361319856974.<\/p>\n\n\n\n<p style=\"font-size:16px\">*Franklin, M. E., Dingfelder, H. E., Freeman, J. B., Ivarsson, T., Heyman, I., Sookman, D., McKay, D., Storch, E. A., &amp; March, J. (2015). Cognitive Behavioral Therapy for Pediatric Obsessive-Compulsive Disorder: Empirical Review and Clinical Recommendations, <em>Psychiatry Research<\/em>, 227, 78-92.<\/p>\n\n\n\n<p style=\"font-size:16px\">*Ivarsson, T., Skarphedinsson, G.,&nbsp;Korn\u00f8r, H.,&nbsp;Axelsdottir, B.,&nbsp;Biedil\u00e6, S,&nbsp;Heyman, I.,&nbsp;Asbahr, F.,&nbsp;Hove Thomsen, P.,&nbsp;Fineberg, N., &amp;&nbsp;March, J.&nbsp;(2015). The place of and evidence for serotonin reuptake inhibitors (SRIs) in obsessive compulsive disorder (OCD) in children and adolescents: views based on a systematic review and meta-analysis. <em>Psychiatry Research<\/em>, 227(1): 93\u2013103.<\/p>\n\n\n\n<p style=\"font-size:16px\">Ivarsson, T., Jensen, S., Hojgaard, D. R., Hybel, K. A., Torp, N. C., Melin, K., Nissen, J. B., Weidle, B., Thomsen, P. H., Dahl, K., &amp; Skarphedinsson, G. (2023). Remission and relapse across three years in pediatric obsessive-compulsive disorder following evidence-based treatments.&nbsp;<em>Journal of the American Academy of Child &amp; Adolescent Psychiatry<\/em>.<\/p>\n\n\n\n<p style=\"font-size:16px\">Kathmann, N., Jacobi, T., Elsner, B., &amp; Reuter, B. (2022). Effectiveness of Individual Cognitive-Behavioral Therapy and Predictors of Outcome in Adult Patients with Obsessive-Compulsive Disorder.&nbsp;<em>Psychother Psychosom<\/em>,<em>&nbsp;91<\/em>(2), 123-135. https:\/\/doi.org\/10.1159\/000520454&nbsp;<\/p>\n\n\n\n<p style=\"font-size:16px\">Lissemore, J., Sookman, D., Gravel, P., Berney, A., Barsoum, A., Diksic, M., Nordahl, T. E., Pinard, G., Sibon, I., Cottraux, J., Leyton, M., &amp; Benkelfat, C. (2018). Brain serotonin synthesis capacity in obsessive-compulsive disorder: effects of cognitive behavioral therapy and sertraline, <em>Transl. Psychiatry<\/em>, 8, 82. doi: 10.1038\/s41398-018-0128-4.<\/p>\n\n\n\n<p style=\"font-size:16px\">Lundstr\u00f6m, L., Ivanova, E., Mataix-Cols, D., Flygare, O., Cervin, M., R\u00fcck, C., &amp; Andersson, E. (2024). Incompleteness as a clinical characteristic and predictor of treatment outcome in obsessive-compulsive disorder. <em>Journal of Obsessive-Compulsive and Related Disorders<\/em>, 100880.<\/p>\n\n\n\n<p style=\"font-size:16px\">Maloney, G., Koh, G., Roberts, S. &amp; Pittenger, C. (2019) Imagery rescripting as an adjunct clinical intervention for obsessive compulsive disorder. <em>J Anxiety Disord. <\/em>66:102110. doi: 10.1016\/j.janxdis.2019.102110.<\/p>\n\n\n\n<p style=\"font-size:16px\">\u00d6st, L.-G., Enebrink, P., Finnes, A., Ghaderi, A., Havnen, A., Kvale, G., Salomonsson, S., &amp; Wergeland, G. J. (2022). Cognitive behavior therapy for obsessive-compulsive disorder in routine clinical care: A systematic review and meta-analysis.&nbsp;<em>Behaviour Research and Therapy<\/em>,<em>&nbsp;159<\/em>, 104170.&nbsp;<\/p>\n\n\n\n<p style=\"font-size:16px\">*Piacentini, J., Wu, M., Rozenman, M., Bennett, S., McGuire, J., Nadeau, J., Lewin, A., Sookman, D., Bergman, R. L., Storch, E. A., &amp; Peris, T. (2021). Knowledge and competency standards for specialized cognitive behavior therapy for pediatric obsessive-compulsive disorder. <em>Psychiatry Research<\/em>,&nbsp;<em>299<\/em>, 113854.<\/p>\n\n\n\n<p style=\"font-size:16px\">*Pittenger, C., Brennan, B. P., Koran, L., Mathews, C. A., Nestadt, G., Pato, M., Phillips, K. A., Rodriguez, C. I., Simpson, H. B., Skapinakis, P., Stein, D. J., &amp; Storch, E. A. (2021). Specialty knowledge and competency standards for pharmacotherapy for adult obsessive-compulsive disorder. <em>Psychiatry Research<\/em>,&nbsp;<em>300<\/em>, 113853.<\/p>\n\n\n\n<p style=\"font-size:16px\">Phillips K. A. (2017). Classification of body dysmorphic disorder and relevance for patient care. In K. A. Phillips (Ed.), <em>Body Dysmorphic Disorder: Advances in Research and Clinical Practice<\/em>. New York, NY: Oxford University Press.<\/p>\n\n\n\n<p style=\"font-size:16px\">Phillips K. A. (2019). Body dysmorphic disorder. <em>American Society of Clinical Psychopharmacology Model Psychopharmacology Curriculum, for Training Directors and Teachers of Psychopharmacology in Psychiatric Residency Programs<\/em>, 10th Edition. Brentwood, TN: ASCP.<\/p>\n\n\n\n<p style=\"font-size:16px\">Simkin, V., Hodsoll, J., &amp; Veale, D. (2022). The relationship between symptoms of obsessive compulsive disorder and depression during therapy: A random intercept cross-lagged panel model.&nbsp;<em>Journal of Behavior Therapy and Experimental Psychiatry<\/em>,&nbsp;<em>76<\/em>, 101748.<\/p>\n\n\n\n<p style=\"font-size:16px\">Simpson, H. B., Foa, E. B., Liebowitz, M. R., Ledley, D. R., Huppert, J. D., Cahill, S., Vermes, D., Schmidt, A. B., Hembree, E., Franklin, M., Campeas, R., Hahn, C. G., &amp; Petkova, E. (2008). A randomized, controlled trial of cognitive-behavioral therapy for augmenting pharmacotherapy in obsessive-compulsive disorder. <em>American Journal of Psychiatry<\/em>, 165, 5, 621-630.<\/p>\n\n\n\n<p style=\"font-size:16px\">Snorrason, I., Jaroszewski, A. C., Greenberg, J. L., Weingarden, H., Summers, B. J., Fang, A., Hoeppner, S. S., Hollander, E., Goodman, W. K., Phillips, K. A., &amp; Wilhelm, S. (2024). Yale-Brown Obsessive-Compulsive Scale Modified for Body Dysmorphic Disorder: Factor Structure and Construct Validity of Subfactors. <em>Journal of Obsessive-Compulsive and Related Disorders<\/em>, 100881.<\/p>\n\n\n\n<p style=\"font-size:16px\">*Sookman, D. &amp; Fineberg, N. (2015). Specialized Psychological and Pharmacological Treatments for Obsessive-Compulsive Disorder throughout the lifespan: A special series by the Accreditation Task Force (ATF) of The Canadian Institute for Obsessive Compulsive Disorders (CIOCD, <a href=\"https:\/\/exchange.mcgill.ca\/owa\/redir.aspx?C=zQ5Qy0zz4kOlZgiff3JGMefYwV-3IdII6RHrtDO2OaLRWyZepsDhINiUXvQo6WfEudwEHrE1RO0.&amp;URL=http%3a%2f%2fwww.ciocd.ca\">www.ciocd.ca<\/a>), <em>Psychiatry Research, 227, <\/em>74-77.<\/p>\n\n\n\n<p style=\"font-size:16px\">*Sookman, D., Phillips, K. A., Anholt, G. E., Bhar, S., Bream, V., Challacombe, F. L., Coughtrey, A., Craske, M. G., Foa, E., Gagn\u00e9, J.-P., Huppert, J. D., Jacobi, D., Lovell, K., McLean, C. P., Neziroglu, F., Pedley, R., Perrin, S., Pinto, A., Pollard, C. A., Radomsky, A. S., &amp; Veale, D. (2021). Knowledge and competency standards for specialized cognitive behavior therapy for adult obsessive-compulsive disorder. <em>Psychiatry Research<\/em>,&nbsp;<em>303<\/em>, 113752.<\/p>\n\n\n\n<p style=\"font-size:16px\">*Sookman, D., Phillips, K.A., Mataix-Cols, D., &amp; Veale, D. (2021). Introduction to knowledge and competency standards for specialized treatments for obsessive-compulsive disorder throughout the lifespan: phase two series by the International Accreditation Task Force of The Canadian Institute for Obsessive Compulsive Disorders (CIOCD, www.ciocd.ca). <em>Psychiatry Res.<\/em> 298. 113753. <a href=\"https:\/\/doi.org\/10.1016\/j.psychres.2021.113753\">https:\/\/doi.org\/10.1016\/j.psychres.2021.113753<\/a>.<\/p>\n\n\n\n<p style=\"font-size:16px\">Taylor, S., McKay, D., Miguel, E., De Mathis, M., Andrade, C., Ahuja, N., Sookman, D., Jun Soo Kwon, J. S., Huh, M. G., Riemann, B. C., Cottraux, J., O\u2019Connor, K., Hale, L., Abramowitz, J., Fontenelle, L. F., &amp; Storch, E. (2014). Musical obsessions: A comprehensive review of neglected clinical phenomena. <em>Journal of Anxiety Disorders<\/em>, 28, 580-58.<\/p>\n\n\n\n<p style=\"font-size:16px\">Tuerk, P. W., McGuire, J. F., &amp; Piacentini, J. (2024). A randomized controlled trial of OC-go for childhood obsessive\u2013compulsive disorder: augmenting homework compliance in exposure with response prevention treatment. <em>Behavior Therapy<\/em>, 55(2), 306-319.<\/p>\n\n\n\n<p style=\"font-size:16px\">van der Straten, A., Bruin, W., van de Mortel, L., ten Doesschate, F., Merkx, M. J., de Koning, P., Vulink, N., Figee, M., van den Heuvel, O. A., Denys, D., &amp; van Wingen, G. (2024). Pharmacological and psychological treatment have common and specific effects on brain activity in obsessive-compulsive disorder.&nbsp;<em>Depression and Anxiety, Vol 2024, 2024, ArtID 6687657<\/em>,<em>&nbsp;2024<\/em>.<\/p>\n\n\n\n<p style=\"font-size:16px\">Vigerland, S., Fredlander, S., Aspvall, K., Jolstedt, M., Lenhard, F., Mataix-Cols, D., Lj\u00f3tsson, B. &amp; Serlachius, E. (2024). Effectiveness of internet-delivered cognitive behavioural therapy for anxiety and obsessive-compulsive disorders within routine clinical care in rural Sweden.&nbsp;<em>Internet Interventions<\/em>,&nbsp;<em>36<\/em>, 100738.<\/p>\n\n\n\n<p style=\"font-size:16px\">*Weidle, B., Ivarsson, T., Asbahr, F. R., Calvo, R., Mataix-Cols, D., Rynn, M. A., &amp; Storch, E. A. (2021). Specialty knowledge and competency standards for pharmacotherapy for pediatric obsessive-compulsive disorder.&nbsp;<em>Psychiatry Research<\/em>,&nbsp;<em>299<\/em>, 113858.<\/p>\n","protected":false},"excerpt":{"rendered":"<p>Recherche scientifique de l\u2019ICTOC L\u2019ICTOC encourage, \u00e0 l\u2019\u00e9chelle nationale et internationale, la collaboration entre sp\u00e9cialistes des TOCS tant au niveau clinique qu\u2019en recherche et de l\u2019avancement de la recherche scientifique afin de faire conna\u00eetre les meilleures normes de pratique pour le traitement sp\u00e9cialis\u00e9 des TOCS. Les recherches soutenues par l\u2019ICTOC se concentrent sur l&#8217;am\u00e9lioration de&#8230;  <a href=\"https:\/\/www.ictoc.org\/fr\/research\/\" title=\"Read Research\">Read more &raquo;<\/a><\/p>\n","protected":false},"author":3,"featured_media":0,"parent":0,"menu_order":0,"comment_status":"closed","ping_status":"open","template":"","meta":{"footnotes":""},"class_list":["post-39","page","type-page","status-publish","hentry"],"_links":{"self":[{"href":"https:\/\/www.ictoc.org\/fr\/wp-json\/wp\/v2\/pages\/39","targetHints":{"allow":["GET"]}}],"collection":[{"href":"https:\/\/www.ictoc.org\/fr\/wp-json\/wp\/v2\/pages"}],"about":[{"href":"https:\/\/www.ictoc.org\/fr\/wp-json\/wp\/v2\/types\/page"}],"author":[{"embeddable":true,"href":"https:\/\/www.ictoc.org\/fr\/wp-json\/wp\/v2\/users\/3"}],"replies":[{"embeddable":true,"href":"https:\/\/www.ictoc.org\/fr\/wp-json\/wp\/v2\/comments?post=39"}],"version-history":[{"count":32,"href":"https:\/\/www.ictoc.org\/fr\/wp-json\/wp\/v2\/pages\/39\/revisions"}],"predecessor-version":[{"id":1158,"href":"https:\/\/www.ictoc.org\/fr\/wp-json\/wp\/v2\/pages\/39\/revisions\/1158"}],"wp:attachment":[{"href":"https:\/\/www.ictoc.org\/fr\/wp-json\/wp\/v2\/media?parent=39"}],"curies":[{"name":"wp","href":"https:\/\/api.w.org\/{rel}","templated":true}]}}