{"id":34,"date":"2012-04-12T01:16:29","date_gmt":"2012-04-12T01:16:29","guid":{"rendered":"http:\/\/projects.extanet.com\/ciocd\/?page_id=34"},"modified":"2026-03-17T00:52:13","modified_gmt":"2026-03-17T00:52:13","slug":"accreditation","status":"publish","type":"page","link":"https:\/\/www.ictoc.org\/fr\/accreditation\/","title":{"rendered":"Accreditation"},"content":{"rendered":"\n<h2 class=\"wp-block-heading\"><strong>Le Programme pour la Formation et l\u2019Accr\u00e9ditation dans le Traitement Sp\u00e9cialis\u00e9 des TOCS<\/strong><\/h2>\n\n\n\n<p>Le traitement des TOCS appartient \u00e0 un champ de pratique sp\u00e9cialis\u00e9e. Les co\u00fbts \u00e0 l\u2019\u00e9chelle nationale et m\u00eame mondiale occasionn\u00e9s par la souffrance et l\u2019invalidit\u00e9 caus\u00e9es par les nombreux cas de TOCS chez les enfants, adolescents et les adultes qui n\u2019ont pas un acc\u00e8s rapide \u00e0 des traitements sp\u00e9cialis\u00e9s sont consid\u00e9rables. Une augmentation est requise, de fa\u00e7on urgente, du nombre de professionnels sp\u00e9cialis\u00e9s dans le traitement des TOCS et la supervision clinique en la mati\u00e8re.<\/p>\n\n\n\n<p>Afin de combler le besoin urgent d\u2019am\u00e9liorer l\u2019offre en termes d\u2019expertise dans le traitement des TOCS, l\u2019Institut a instaur\u00e9 <strong>le Programme pour la Formation et l\u2019Accr\u00e9ditation dans le Traitement Sp\u00e9cialis\u00e9 des TOCS.<\/strong> Ce programme est con\u00e7u pour accro\u00eetre l&#8217;expertise sp\u00e9cialis\u00e9e fond\u00e9e sur des donn\u00e9es probantes en mati\u00e8re d&#8217;\u00e9valuation et de traitement du trouble obsessionnel-compulsif au Canada et \u00e0 l&#8217;\u00e9tranger.<\/p>\n\n\n\n<p><strong><a href=\"http:\/\/www.ictoc.org\/members-of-the-ciocd-accreditation-task-force\/\">La force Internationale pour la Formation et l\u2019Accr\u00e9ditation dans le Traitement des TOCS (ATF) <\/a><\/strong>, cr\u00e9\u00e9 et supervis\u00e9 par ICTOC, est compos\u00e9 d&#8217;experts en traitements sp\u00e9cialis\u00e9s des TOCS et des troubles apparent\u00e9s tout au long de la vie, repr\u00e9sentant 21 pays. Ce groupe d&#8217;experts a \u00e9tabli des normes de connaissances et de comp\u00e9tences sp\u00e9cialis\u00e9es recommand\u00e9es pour les traitements sp\u00e9cialis\u00e9s fond\u00e9s sur des donn\u00e9es probantes des TOCS tout au long de la vie (TCC sp\u00e9cialis\u00e9e et pharmacoth\u00e9rapie). Les normes de l&#8217;ATF sont publi\u00e9es par le groupe du deuxi\u00e8me num\u00e9ro sp\u00e9cial de cinq articles (* 2021, voir le r\u00e9sum\u00e9 ci-dessous). L&#8217;objectif de l&#8217;ATF est de parvenir \u00e0 une am\u00e9lioration internationale transformatrice de l&#8217;accessibilit\u00e9 aux traitements sp\u00e9cialis\u00e9s des TOCS fond\u00e9s sur des donn\u00e9es probantes et de rem\u00e9dier \u00e0 la grave insuffisance d&#8217;experts dans ce domaine. <a href=\"https:\/\/www.ictoc.org\/members-of-the-ciocd-accreditation-task-force\/\">Veuillez consulter le lien ci-dessous pour obtenir la liste des membres de l&#8217;ATF.<\/a><\/p>\n\n\n\n<p>Cette avanc\u00e9e en mati\u00e8re de sant\u00e9 mentale est soulign\u00e9e dans les r\u00e9cents communiqu\u00e9s de presse de l&#8217;Universit\u00e9 McGill et de l&#8217;APA, 2021.<\/p>\n\n\n\n<p>Communiqu\u00e9 de presse de l&#8217;Universit\u00e9 McGill: <a href=\"https:\/\/www.mcgill.ca\/channels\/channels\/news\/mcgill-researcher-led-international-task-force-unveils-first-its-kind-standards-treatment-obsessive-331348\">https:\/\/www.mcgill.ca\/channels\/channels\/news\/mcgill-researcher-led-international-task-force-unveils-first-its-kind-standards-treatment-obsessive-331348<\/a><\/p>\n\n\n\n<p>Communiqu\u00e9 de presse de l&#8217;Association Am\u00e9ricaine de Psychiatrie: <a href=\"https:\/\/psychnews.psychiatryonline.org\/doi\/10.1176\/appi.pn.2021.10.19\">https:\/\/psychnews.psychiatryonline.org\/doi\/10.1176\/appi.pn.2021.10.19<\/a><\/p>\n\n\n\n<p>Selon les recherches cliniques actuelles et les avis des professionnels sp\u00e9cialis\u00e9s dans le domaine des TOCS, seuls les traitements sp\u00e9cialis\u00e9s qui s\u2019appuient sur une base empirique permettent d\u2019optimiser la r\u00e9mission des sympt\u00f4mes des personnes atteintes. La formation g\u00e9n\u00e9rale en psychiatrie, en psychologie et\/ou en th\u00e9rapie cognitive comportementale traditionnelle n\u2019est pas forc\u00e9ment suffisante pour acqu\u00e9rir les comp\u00e9tences cliniques sp\u00e9cialis\u00e9es n\u00e9cessaires pour le meilleur traitement des TOCS incluant les sous-types des sympt\u00f4mes des TOCS et les troubles associ\u00e9s.<\/p>\n\n\n\n<p>Les programmes actuels de formation largement r\u00e9pandus, tel que les ateliers d\u2019enseignement et de formation, sont utiles pour \u00e9tudier les questions concernant le diagnostic des TOCS et les interventions de base pour leur traitement. Ces protocoles de formation n&#8217;englobent g\u00e9n\u00e9ralement pas les comp\u00e9tences et techniques complexes requises pour traiter les sous-types des sympt\u00f4mes des TOCS et les autres troubles associ\u00e9s pour optimiser le r\u00e9tablissement. De plus, les programmes acad\u00e9miques de formation offrant la sp\u00e9cialisation dans le traitement des TOCS sont insuffisants comme option de formation pour notre prochaine g\u00e9n\u00e9ration.<\/p>\n\n\n\n<p>La troisi\u00e8me phase de l&#8217;ATF en cours implique l&#8217;\u00e9laboration de protocoles de formation complets \u00e0 plusieurs niveaux (du fondamental au sp\u00e9cialis\u00e9) pour une large diffusion internationale bas\u00e9e sur les connaissances sp\u00e9cialis\u00e9es et les normes de comp\u00e9tence \u00e9tablies par l&#8217;ATF du ICTOC. L&#8217;ATF comprend l&#8217;expertise et la repr\u00e9sentation n\u00e9cessaires \u00e0 une large mise en \u0153uvre internationale.<\/p>\n\n\n\n<p>Au cours de la quatri\u00e8me phase de l&#8217;ATF, un programme de formation avanc\u00e9e sera propos\u00e9 aux professionnels et aux centres de sant\u00e9 mentale sur la base des normes \u00e9tablies par l&#8217;ATF jusqu&#8217;au niveau de certification. Plusieurs modalit\u00e9s d&#8217;enseignement, de formation et de consultation seront propos\u00e9es, avec une sp\u00e9cification des qualifications \u00e9ducatives et cliniques requises pour la candidature.<\/p>\n\n\n\n<p>Les professionnels et les centres ayant obtenu une certification ou une accr\u00e9ditation sp\u00e9cialis\u00e9e du ICTOC pour leur travail clinique ou leur statut de superviseur aupr\u00e8s d&#8217;enfants, d&#8217;adolescents ou d&#8217;adultes souffrant de TOCS seront r\u00e9pertori\u00e9s sur le site Internet de l&#8217;Institut et leurs coordonn\u00e9es seront accessibles aux personnes souffrant de TOCS.<\/p>\n\n\n\n<p>Ce processus est actuellement en cours pour les TOCS et sera ensuite entrepris pour les troubles li\u00e9s aux TOCS.<\/p>\n\n\n\n<p><strong>*ATF Five Paper Special Issue: Knowledge and Competency Standards for Specialized Treatments for OCD Through the Lifespan, Psychiatry Research, 2021.<a href=\"https:\/\/www.sciencedirect.com\/journal\/psychiatry-research\/special-issue\/10QR7D2XHJ0\">https:\/\/www.sciencedirect.com\/journal\/psychiatry-research\/special-issue\/10QR7D2XHJ0<\/a><\/strong><\/p>\n\n\n\n<p>*Sookman, D., Phillips, K.A., Mataix-Cols, D., Veale, D., 2021. Introduction to knowledge and competency standards for specialized treatments for obsessive-compulsive disorder throughout the lifespan: phase two series by the International Accreditation Task Force of The Canadian Institute for Obsessive Compulsive Disorder (CIOCD, www.ciocd.ca). Psychiatry Res. 298. 113753. <a href=\"https:\/\/doi.org\/10.1016\/j.psychres.2021.113753\">https:\/\/doi.org\/10.1016\/j.psychres.2021.113753<\/a><\/p>\n\n\n\n<p>Abstract: This paper presents an introduction to the phase two series of papers by the 14 nation International Obsessive-Compulsive Disorders Task Force (ATF) of the Canadian Institute for Obsessive Compulsive Disorders. These papers present evidence-based knowledge and competency standards developed by the ATF for specialized treatments for obsessive-compulsive disorder (OCD) through the lifespan, operationalized as clinician abilities. Specialty standards for OCD do not currently exist and are deemed by experts to be foundational to transformative improvement globally in quality and accessibility of evidence-based treatments for this crippling disorder. Currently available guidelines for care are deemed to be essential but insufficient because of highly variable clinician knowledge and competencies specific to this disorder. The ATF standards encompass specialized cognitive behavior therapy, and pharmacotherapy, for pediatric and adult OCD. Evidence-based methodology with integration of expert opinion are described. Upcoming ATF phases three and four will involve development and implementation of training criteria and processes for certification (individual clinicians) and accreditation (clinical sites) based on the ATF standards. These standards will require periodic review and updating commensurate with advances in clinical research. We hope that this international initiative constitutes a significant step forward to inform and advance evidence-based specialized treatment and training for OCD.<\/p>\n\n\n\n<h3 class=\"wp-block-heading has-text-align-center\"><a href=\"https:\/\/www.ictoc.org\/fr\/members-of-the-ciocd-accreditation-task-force\/\"><strong>Membres du ICTOC International Obsessive Compulsive Disorders Accreditation Task Force (ATF)<\/strong><\/a><\/h3>\n\n\n\n<p><\/p>\n","protected":false},"excerpt":{"rendered":"<p>Le Programme pour la Formation et l\u2019Accr\u00e9ditation dans le Traitement Sp\u00e9cialis\u00e9 des TOCS Le traitement des TOCS appartient \u00e0 un champ de pratique sp\u00e9cialis\u00e9e. Les co\u00fbts \u00e0 l\u2019\u00e9chelle nationale et m\u00eame mondiale occasionn\u00e9s par la souffrance et l\u2019invalidit\u00e9 caus\u00e9es par les nombreux cas de TOCS chez les enfants, adolescents et les adultes qui n\u2019ont pas&#8230;  <a href=\"https:\/\/www.ictoc.org\/fr\/accreditation\/\" title=\"Read Accreditation\">Read more &raquo;<\/a><\/p>\n","protected":false},"author":3,"featured_media":0,"parent":0,"menu_order":0,"comment_status":"closed","ping_status":"open","template":"","meta":{"footnotes":""},"class_list":["post-34","page","type-page","status-publish","hentry"],"_links":{"self":[{"href":"https:\/\/www.ictoc.org\/fr\/wp-json\/wp\/v2\/pages\/34","targetHints":{"allow":["GET"]}}],"collection":[{"href":"https:\/\/www.ictoc.org\/fr\/wp-json\/wp\/v2\/pages"}],"about":[{"href":"https:\/\/www.ictoc.org\/fr\/wp-json\/wp\/v2\/types\/page"}],"author":[{"embeddable":true,"href":"https:\/\/www.ictoc.org\/fr\/wp-json\/wp\/v2\/users\/3"}],"replies":[{"embeddable":true,"href":"https:\/\/www.ictoc.org\/fr\/wp-json\/wp\/v2\/comments?post=34"}],"version-history":[{"count":69,"href":"https:\/\/www.ictoc.org\/fr\/wp-json\/wp\/v2\/pages\/34\/revisions"}],"predecessor-version":[{"id":1113,"href":"https:\/\/www.ictoc.org\/fr\/wp-json\/wp\/v2\/pages\/34\/revisions\/1113"}],"wp:attachment":[{"href":"https:\/\/www.ictoc.org\/fr\/wp-json\/wp\/v2\/media?parent=34"}],"curies":[{"name":"wp","href":"https:\/\/api.w.org\/{rel}","templated":true}]}}