{"id":25,"date":"2012-04-11T20:00:04","date_gmt":"2012-04-11T20:00:04","guid":{"rendered":"http:\/\/localhost\/coicd\/?page_id=12"},"modified":"2026-03-17T23:24:35","modified_gmt":"2026-03-17T23:24:35","slug":"home-2","status":"publish","type":"page","link":"https:\/\/www.ictoc.org\/fr\/","title":{"rendered":"Home"},"content":{"rendered":"\n<h1 class=\"wp-block-heading has-text-align-center\"><strong>L\u2019institut Canadien des<\/strong><br><strong>Troubles obsessifs compulsifs<\/strong><\/h1>\n\n\n\n<p><strong>(ICTOC) <\/strong>a pour mission d\u2019am\u00e9liorer, partout au Canada et \u00e0 l&#8217;international, la qualit\u00e9 et l\u2019accessibilit\u00e9 des soins cliniques sp\u00e9cialis\u00e9s pour les enfants, adolescents et les adultes atteints de Troubles obsessifs compulsifs (TOCS). Il est urgent de d\u00e9velopper une plus grande expertise et ainsi permettre une augmentation des ressources aptes \u00e0 poser efficacement le diagnostic de TOCS et \u00e0 offrir les traitements requis.<\/p>\n\n\n\n<h2 class=\"wp-block-heading\"><strong>Programmes de l&#8217;ICTOC:&nbsp;<\/strong><\/h2>\n\n\n\n<p><strong>A. <\/strong><a href=\"http:\/\/www.ictoc.org\/fr\/public\/\"><strong>Le<\/strong><strong> r\u00e9seau national du&nbsp;Programme d&#8217;\u00c9ducation et de Sensibilisation des Affili\u00e9s&nbsp;100% canadien<\/strong><\/a><strong><a href=\"http:\/\/www.ictoc.org\/fr\/public\/\">&nbsp;<\/a><\/strong>est compos\u00e9 de membres professionnels exclusivement canadiens qui ont des activit\u00e9s de sensibilisation et de collaboration \u00e0 travers le Canada. Des programmes d&#8217;\u00e9ducation et de formation visant \u00e0 am\u00e9liorer la d\u00e9tection et l&#8217;intervention pr\u00e9coces sont propos\u00e9s aux professionnels.<\/p>\n\n\n\n<p><strong>Le Programme d&#8217;\u00c9ducation et de Sensibilisation des Affili\u00e9s ach\u00e8ve pr\u00e9sentement un sondage national des services et de l&#8217;entra\u00eenement en mati\u00e8re du traitement des TOCS \u00e0 travers le Canada pour \u00e9clairer des plans futurs en \u00e9ducation et en intervention.<\/strong>&nbsp;<\/p>\n\n\n\n<p><strong><a href=\"https:\/\/www.ictoc.org\/fr\/public\/\">Une liste des services sp\u00e9cialis\u00e9s disponibles au Canada pour le traitement des Troubles obsessifs compulsifs et les troubles apparent\u00e9s se trouve \u00e0 la Section Public du site.<\/a><\/strong><\/p>\n\n\n\n<p><strong>B. <\/strong><a href=\"http:\/\/www.ictoc.org\/fr\/accreditation\/\"><strong>Le Programme de sp\u00e9cialit\u00e9 pour la Formation et l\u2019Accr\u00e9ditation dans le Traitement des TOCS<\/strong><\/a> comprend des experts en traitements sp\u00e9cialis\u00e9s pour les TOCS et les troubles apparent\u00e9s tout au long de la vie (enfants, adolescents et adultes) repr\u00e9sentant 21 pays. (Veuillez vous r\u00e9f\u00e9rer aux communiqu\u00e9s de presse sur cette page et \u00e0 la Section <a href=\"http:\/\/www.ictoc.org\/fr\/accreditation\/\">Accr\u00e9ditation pour plus d&#8217;information et la liste des membres de l&#8217;ATF<\/a>).<\/p>\n\n\n\n<p><strong>C.&nbsp;<\/strong><a href=\"http:\/\/www.ictoc.org\/fr\/leadership\/\"><strong>Le Comit\u00e9 Scientifique Consultatif<\/strong><\/a>&nbsp;constitu\u00e9 de sp\u00e9cialistes dans le domaine des TOCS et d\u2019autres professionnels, \u00e0 l\u2019\u00e9chelle nationale et internationale.<\/p>\n\n\n\n<p><strong>D.&nbsp;<\/strong><a href=\"http:\/\/www.ictoc.org\/fr\/public\/\"><strong>Le&nbsp;Comit\u00e9 de Sensibilisation et de D\u00e9veloppement <\/strong><\/a>est dirig\u00e9 par des collaborateurs d\u00e9vou\u00e9s, incluant des professionnels, des dirigeants communautaires et des groupes nationaux. Les personnes souffrant de TOCS et leurs familles sont activement impliqu\u00e9es dans l&#8217;Institut. <strong>Veuillez consulter la page Public pour obtenir la liste des services offerts au Canada. Les nouveaux participants sont les bienvenus.<\/strong><\/p>\n\n\n\n<p><\/p>\n\n\n\n<p class=\"has-text-align-center\" style=\"font-size:28px\"><strong><a href=\"http:\/\/www.ictoc.org\/fr\/donate-now\/\"><em>Votre don peut changer la vie des personnes souffrantes de TOC.<\/em><\/a><\/strong><\/p>\n\n\n\n<h3 class=\"wp-block-heading\"><strong><em>Merci aux nombreux donateurs qui ont soutenu les programmes cruciaux du CIOCD.<\/em><\/strong><\/h3>\n\n\n\n<p><\/p>\n\n\n\n<p><strong>Pour plus d\u2019informations, veuillez <\/strong><strong><a href=\"http:\/\/www.ictoc.org\/fr\/contact-us\/\">communiquer avec nous<\/a><\/strong><strong>.<\/strong><\/p>\n\n\n\n<p><strong>L\u2019Institut Canadien des Troubles Obsessifs Compulsifs<\/strong><\/p>\n\n\n\n<p><strong>Si\u00e8ge Social<\/strong><br>Head Office The Canadian Institute for Obsessive Compulsive Disorders<br>Bay Adelaide Centre, East Tower,<br>22 Adelaide St W,<br>Toronto, ON, Canada M5H 4E3<br>T\u00e9l\u00e9phone : 1-514-484-5523<\/p>\n\n\n\n<p><a href=\"mailto:connect@CIOCD.ca\">connect@CIOCD.ca<\/a><br><a href=\"mailto:president@CIOCD.ca\">president@CIOCD.ca<\/a><br><a href=\"mailto:debbie.sookman@mcgill.ca\">debbie.sookman@mcgill.ca<\/a><\/p>\n\n\n\n<p>www.ciocd.ca<br>www.thecanadianinstituteforobsessivecompulsivedisorders.ca<br><a href=\"http:\/\/www.ictoc.org\/\">www.ictoc.org<\/a><\/p>\n\n\n\n<p><strong>L\u2019Institut Canadien des Troubles obsessifs compulsifs est un organisme sans but lucratif selon la Loi Canadienne sur les Organismes sans but lucratif et une entreprise de charit\u00e9 enregistr\u00e9e en vertu de la Loi de l\u2019Imp\u00f4t sur le revenu sous le num\u00e9ro 805819117RR0001<\/strong><\/p>\n","protected":false},"excerpt":{"rendered":"<p>L\u2019institut Canadien desTroubles obsessifs compulsifs (ICTOC) a pour mission d\u2019am\u00e9liorer, partout au Canada et \u00e0 l&#8217;international, la qualit\u00e9 et l\u2019accessibilit\u00e9 des soins cliniques sp\u00e9cialis\u00e9s pour les enfants, adolescents et les adultes atteints de Troubles obsessifs compulsifs (TOCS). Il est urgent de d\u00e9velopper une plus grande expertise et ainsi permettre une augmentation des ressources aptes \u00e0&#8230;  <a href=\"https:\/\/www.ictoc.org\/fr\/\" title=\"Read Home\">Read more &raquo;<\/a><\/p>\n","protected":false},"author":3,"featured_media":0,"parent":0,"menu_order":0,"comment_status":"closed","ping_status":"open","template":"","meta":{"footnotes":""},"class_list":["post-25","page","type-page","status-publish","hentry"],"_links":{"self":[{"href":"https:\/\/www.ictoc.org\/fr\/wp-json\/wp\/v2\/pages\/25","targetHints":{"allow":["GET"]}}],"collection":[{"href":"https:\/\/www.ictoc.org\/fr\/wp-json\/wp\/v2\/pages"}],"about":[{"href":"https:\/\/www.ictoc.org\/fr\/wp-json\/wp\/v2\/types\/page"}],"author":[{"embeddable":true,"href":"https:\/\/www.ictoc.org\/fr\/wp-json\/wp\/v2\/users\/3"}],"replies":[{"embeddable":true,"href":"https:\/\/www.ictoc.org\/fr\/wp-json\/wp\/v2\/comments?post=25"}],"version-history":[{"count":115,"href":"https:\/\/www.ictoc.org\/fr\/wp-json\/wp\/v2\/pages\/25\/revisions"}],"predecessor-version":[{"id":1176,"href":"https:\/\/www.ictoc.org\/fr\/wp-json\/wp\/v2\/pages\/25\/revisions\/1176"}],"wp:attachment":[{"href":"https:\/\/www.ictoc.org\/fr\/wp-json\/wp\/v2\/media?parent=25"}],"curies":[{"name":"wp","href":"https:\/\/api.w.org\/{rel}","templated":true}]}}