{"id":24,"date":"2013-09-30T18:26:25","date_gmt":"2012-04-11T18:59:57","guid":{"rendered":"http:\/\/localhost\/coicd\/?page_id=9"},"modified":"2026-03-17T01:28:59","modified_gmt":"2026-03-17T01:28:59","slug":"about-ciocd","status":"publish","type":"page","link":"https:\/\/www.ictoc.org\/fr\/about-ciocd\/","title":{"rendered":"About CIOCD"},"content":{"rendered":"\n<h2 class=\"wp-block-heading\"><strong>Mission Nationale et Internationale<\/strong><\/h2>\n\n\n\n<ul class=\"wp-block-list\">\n<li>L\u2019\u00e9ducation de la communaut\u00e9 en sant\u00e9 mentale et du public sur la psychopathologie et les traitements sp\u00e9cialis\u00e9s et reconnus des Troubles Obsessifs Compulsifs (TOCS) et autres troubles associ\u00e9s \u00e0 chacune des \u00e9tapes de la vie d\u2019un individu.<\/li>\n\n\n\n<li>Am\u00e9liorer de mani\u00e8re transformatrice l&#8217;acc\u00e8s aux traitements sp\u00e9cialis\u00e9s fond\u00e9s sur des donn\u00e9es probantes pour les TOC et les troubles apparent\u00e9s, au niveau national et international.<\/li>\n\n\n\n<li>D\u00e9velopper et superviser le Programme de sp\u00e9cialit\u00e9 pour la Formation et l\u2019Accr\u00e9ditation dans le Traitement des TOCS tout au long de la vie, responsable des normes sp\u00e9cialis\u00e9es et de la formation \u00e0 plusieurs niveaux<\/li>\n\n\n\n<li>Superviser le Programme d\u2019\u00c9ducation et de Sensibilisation de l\u2019ICTOC avec des collaborations \u00e0 travers le Canada<\/li>\n\n\n\n<li>Soutenir la recherche scientifique sur les TOCS afin d&#8217;am\u00e9liorer la pratique clinique sp\u00e9cialis\u00e9e<\/li>\n<\/ul>\n\n\n\n<h2 class=\"wp-block-heading\"><strong>Activit\u00e9s de l\u2019ICTOC<\/strong><\/h2>\n\n\n\n<ul class=\"wp-block-list\">\n<li>Superviser le d\u00e9veloppement international des connaissances sp\u00e9cialis\u00e9es et des normes de comp\u00e9tence recommand\u00e9es pour les traitements sp\u00e9cialis\u00e9s des TOCS tout au long de la vie<\/li>\n\n\n\n<li>\u00c9laborer et diffuser des protocoles de formation \u00e0 plusieurs niveaux (de la formation de base \u00e0 la formation sp\u00e9cialis\u00e9e) sur les traitements sp\u00e9cialis\u00e9s fond\u00e9s sur des donn\u00e9es probantes pour les TOCS tout au long de la vie, en se fondant sur les normes de connaissances et de comp\u00e9tences de la sp\u00e9cialit\u00e9 CIOCD ATF<\/li>\n\n\n\n<li>Offrir aux professionnels de la sant\u00e9 mentale et aux centres de sant\u00e9 mentale des services d&#8217;\u00e9ducation, de formation et de consultation sur les TOCS et les troubles apparent\u00e9s<\/li>\n\n\n\n<li>Mettre en \u0153uvre une formation avanc\u00e9e compl\u00e8te bas\u00e9e sur les normes de l&#8217;ATF pour les professionnels de la sant\u00e9 mentale et les centres au niveau national et international jusqu&#8217;au niveau de certification<\/li>\n\n\n\n<li>Soutenir les pr\u00e9sentations, les conf\u00e9rences, les ateliers et les groupes \u00e9ducatifs pour les personnes souffrant de TOCS et leurs familles<\/li>\n\n\n\n<li>Faire progresser la recherche scientifique sur les TOCS afin d&#8217;am\u00e9liorer la pratique clinique sp\u00e9cialis\u00e9e<\/li>\n\n\n\n<li>Collaborer avec les institutions, les centres de traitement, les universit\u00e9s et les d\u00e9cideurs politiques pour r\u00e9aliser les mandats du CIOCD<\/li>\n<\/ul>\n\n\n\n<p style=\"font-size:16px\"><strong>L\u2019Institut Canadien des Troubles obsessifs compulsifs est un organisme sans but lucratif selon la Loi Canadienne sur les Organismes sans but lucratif et une entreprise de charit\u00e9 enregistr\u00e9e en vertu de la Loi de l\u2019Imp\u00f4t sur le revenu sous le num\u00e9ro 805819117RR0001<\/strong><\/p>\n\n\n\n<p><\/p>\n","protected":false},"excerpt":{"rendered":"<p>Mission Nationale et Internationale Activit\u00e9s de l\u2019ICTOC L\u2019Institut Canadien des Troubles obsessifs compulsifs est un organisme sans but lucratif selon la Loi Canadienne sur les Organismes sans but lucratif et une entreprise de charit\u00e9 enregistr\u00e9e en vertu de la Loi de l\u2019Imp\u00f4t sur le revenu sous le num\u00e9ro 805819117RR0001<\/p>\n","protected":false},"author":3,"featured_media":0,"parent":0,"menu_order":0,"comment_status":"closed","ping_status":"closed","template":"","meta":{"footnotes":""},"class_list":["post-24","page","type-page","status-publish","hentry"],"_links":{"self":[{"href":"https:\/\/www.ictoc.org\/fr\/wp-json\/wp\/v2\/pages\/24","targetHints":{"allow":["GET"]}}],"collection":[{"href":"https:\/\/www.ictoc.org\/fr\/wp-json\/wp\/v2\/pages"}],"about":[{"href":"https:\/\/www.ictoc.org\/fr\/wp-json\/wp\/v2\/types\/page"}],"author":[{"embeddable":true,"href":"https:\/\/www.ictoc.org\/fr\/wp-json\/wp\/v2\/users\/3"}],"replies":[{"embeddable":true,"href":"https:\/\/www.ictoc.org\/fr\/wp-json\/wp\/v2\/comments?post=24"}],"version-history":[{"count":41,"href":"https:\/\/www.ictoc.org\/fr\/wp-json\/wp\/v2\/pages\/24\/revisions"}],"predecessor-version":[{"id":1119,"href":"https:\/\/www.ictoc.org\/fr\/wp-json\/wp\/v2\/pages\/24\/revisions\/1119"}],"wp:attachment":[{"href":"https:\/\/www.ictoc.org\/fr\/wp-json\/wp\/v2\/media?parent=24"}],"curies":[{"name":"wp","href":"https:\/\/api.w.org\/{rel}","templated":true}]}}