{"id":23,"date":"2012-04-11T17:48:57","date_gmt":"2012-04-11T17:48:57","guid":{"rendered":"http:\/\/localhost\/coicd\/?page_id=2"},"modified":"2026-03-17T01:31:41","modified_gmt":"2026-03-17T01:31:41","slug":"ocd-information","status":"publish","type":"page","link":"https:\/\/www.ictoc.org\/fr\/ocd-information\/","title":{"rendered":"OCD Information"},"content":{"rendered":"\n<h3 class=\"wp-block-heading\">Informations sur les troubles obsessionnels compulsifs et les troubles apparent\u00e9s tout au long de la vie<\/h3>\n\n\n\n<p><strong>Les troubles obsessionnels compulsifs (TOCS) <em>sont le quatri\u00e8me trouble mental le plus fr\u00e9quent et l&#8217;une des dix principales causes d&#8217;incapacit\u00e9 m\u00e9dicale dans le monde<\/em><\/strong> (Organisation mondiale de la sant\u00e9, 1999). La pr\u00e9valence combin\u00e9e des TOCS et des troubles apparent\u00e9s chez les enfants, les adolescents et les adultes est estim\u00e9e \u00e0 environ 5 % de la population g\u00e9n\u00e9rale. Les TOCS sont associ\u00e9s \u00e0 une grave souffrance \u00e9motionnelle et peuvent s\u00e9rieusement affecter tous les aspects de la vie de la personne qui en souffre : capacit\u00e9 \u00e0 aller \u00e0 l&#8217;\u00e9cole ou au travail, soins personnels et soins aux proches, relations familiales et interpersonnelles, qualit\u00e9 de vie et utilisation des ressources de sant\u00e9 mentale.<\/p>\n\n\n\n<p><em><strong>Un traitement efficace, sp\u00e9cialis\u00e9 et rapide est n\u00e9cessaire<\/strong><\/em> pour \u00e9viter des souffrances inutiles et une progression vers l&#8217;invalidit\u00e9. Les recherches ph\u00e9nom\u00e9nologiques, neurobiologiques, g\u00e9n\u00e9tiques et les r\u00e9sultats des recherches de traitements indiquent que les TOCS sont distincts des troubles anxieux et autres troubles en termes de psychopathologie et de besoins de traitement.<\/p>\n\n\n\n<p><strong>Exemples communs de sympt\u00f4mes de TOCS:<\/strong><\/p>\n\n\n\n<p><em><strong>Les personnes atteintes de TOCS rapportent fr\u00e9quemment souffrir d\u2019une combinaison de sympt\u00f4mes.<\/strong><\/em> Certains individus \u00e9prouvent une peur extr\u00eame de la maladie et de compulsions de nettoyer ou de se laver de fa\u00e7on excessive afin de \u201cse sentir propre\u201d. L\u2019action de se laver \u00e0 l\u2019exc\u00e8s peut aussi \u00eatre reli\u00e9e \u00e0 un sentiment que les autres ou soi-m\u00eame sont \u201ccontamin\u00e9s\u201d ou \u201cd\u00e9go\u00fbtants\u201d sans la pr\u00e9sence de la peur de la maladie. D\u2019autres individus avec des TOCS ressentent une impression de responsabilit\u00e9 d\u00e9mesur\u00e9e quant \u00e0 la possibilit\u00e9 qu\u2019il puisse \u00eatre la cause d\u2019un malheur les obligeant \u00e0 faire de multiples v\u00e9rifications afin d\u2019\u00e9viter un d\u00e9sastre tel qu\u2019un feu ou une inondation. Il y a aussi les TOCS en rapport avec la sym\u00e9trie, l\u2019ordre et la pr\u00e9cision n\u00e9cessitant la redisposition d\u2019objets et d\u2019autres rituels jusqu\u2019\u00e0 ce que la personne atteinte soit d\u2019avis que les choses sont comme \u201celles doivent \u00eatre\u201d ou jusqu\u2019\u00e0 ce qu\u2019elle \u201cse sente bien\u201d.<\/p>\n\n\n\n<p>Les difficult\u00e9s li\u00e9es \u00e0 l&#8217;importance excessive et au contr\u00f4le excessif des pens\u00e9es peuvent \u00eatre associ\u00e9es \u00e0 des rituels cognitifs tels que le remplacement d&#8217;une pens\u00e9e per\u00e7ue comme &#8220;mauvaise&#8221; ou nuisible par une pens\u00e9e per\u00e7ue comme &#8220;bonne.&#8221; Des m\u00e9canismes comme la \u201cpens\u00e9e magique \u201d et le \u201cthought-action fusion\u201d impliquent l\u2019apparition de pens\u00e9es irr\u00e9alistes \u00e0 l\u2019effet que de simplement avoir en t\u00eate certaines id\u00e9es ou images peut favoriser l\u2019arriv\u00e9e des \u00e9v\u00e9nements appr\u00e9hend\u00e9s. Il se produit alors un ph\u00e9nom\u00e8ne faisant en sorte que les impressions ou les \u00e9motions d\u2019un individu sont per\u00e7ues comme r\u00e9elles. Le &#8220;raisonnement \u00e9motionnel&#8221; signifie que les sentiments sont per\u00e7us comme \u00e9tant des preuves: \u201cSi je me sens anxieux, c\u2019est qu\u2019il doit y avoir un danger. \u201d (Arntz, Rauner, &amp; van den Hout, 1995).<\/p>\n\n\n\n<p><em><strong>Environ 25% des individus avec des TOCS mentionnent qu\u2019ils n\u2019ont pas de rituels manifestes dans leur comportement, mais seulement des obsessions accompagn\u00e9es de compulsions mentales.<\/strong><\/em> La teneur des obsessions varie grandement, toutefois elles sont souvent en lien avec des th\u00e8mes de malheur, de religion, de violence ou de sexe. Par exemple, un enfant peut \u00e9prouver de la difficult\u00e9 \u00e0 aller \u00e0 l\u2019\u00e9cole en raison de pens\u00e9es envahissantes o\u00f9 ses parents tombent malades ou sont impliqu\u00e9s dans un accident.<\/p>\n\n\n\n<p><em><strong>La plupart des personnes atteintes sont conscientes que leurs peurs sont excessives<\/strong><\/em>, mais malgr\u00e9 cela elles sont incapables de r\u00e9sister \u00e0 leurs compulsions qui ne font qu\u2019aggraver et maintenir leurs TOCS.<\/p>\n\n\n\n<p><em><strong>Les troubles associ\u00e9s aux TOCS<\/strong> <\/em>comprennent la Trichotillomanie et la Dysmorphie corporelle. Les personnes atteintes de cette derni\u00e8re maladie ressentent une insatisfaction et une pr\u00e9occupation concernant certaines caract\u00e9ristiques de leur apparence physique de m\u00eame qu\u2019une sensibilit\u00e9 interpersonnelle, de l\u2019inconfort ou de l\u2019\u00e9vitement et des compulsions de v\u00e9rification (Phillips, 2005). Des cas s\u00e9v\u00e8res de dysmorphie peuvent m\u00eame entra\u00eener des chirurgies inutiles. Il faut aussi mentionner l\u2019amassement compulsif (Mataix-Cols, et al., 2010) qui consiste \u00e0 \u00e9prouver de la difficult\u00e9 \u00e0 se d\u00e9barrasser d\u2019objets et \u00e0 accumuler de fa\u00e7on excessive des biens allant jusqu\u2019\u00e0 n\u00e9cessiter, dans certains cas s\u00e9v\u00e8res, l\u2019intervention des autorit\u00e9s municipales ou du service d\u2019incendie afin de contr\u00f4ler une situation potentiellement dangereuse pour la sant\u00e9 ou le feu.<\/p>\n\n\n\n<p><strong>Traitement des TOCS:<\/strong><\/p>\n\n\n\n<p><em><strong>Le traitement des TOCS appartient \u00e0 un champ de pratique sp\u00e9cialis\u00e9e.<\/strong><\/em> Les normes de pratique fond\u00e9es sur des donn\u00e9es probantes indiquent que le traitement de premi\u00e8re ligne pour les enfants, les adolescents et les adultes souffrant de TOCS est la th\u00e9rapie cognitivo-comportementale (TCC) sp\u00e9cialis\u00e9e, avec les interventions essentielles de l&#8217;exposition et de la pr\u00e9vention de la r\u00e9ponse (ERP): l&#8217;exposition (faire face \u00e0 la peur) combin\u00e9e \u00e0 la pr\u00e9vention de la r\u00e9ponse (ne pas faire de compulsions pour soulager la d\u00e9tresse).<\/p>\n\n\n\n<p><em><strong>Des strat\u00e9gies de th\u00e9rapie cognitive sp\u00e9cialis\u00e9es<\/strong><\/em> ont \u00e9t\u00e9 mises au point pour traiter les difficult\u00e9s li\u00e9es aux sympt\u00f4mes caract\u00e9ristiques des TOCS, telles que les croyances concernant l&#8217;importance et la n\u00e9cessit\u00e9 de contr\u00f4ler les pens\u00e9es, la surestimation de la menace, la vuln\u00e9rabilit\u00e9 per\u00e7ue, le sens excessif des responsabilit\u00e9s, le besoin de certitude, l&#8217;intol\u00e9rance aux sentiments de d\u00e9tresse ou de d\u00e9go\u00fbt, la peur de la prise de risque et les comportements de s\u00e9curit\u00e9.&nbsp;<\/p>\n\n\n\n<p>La th\u00e9rapie cognitive vise \u00e0 aider la personne souffrant de TOCS \u00e0 r\u00e9agir de mani\u00e8re adapt\u00e9e aux pens\u00e9es et aux sentiments angoissants, \u00e0 r\u00e9sister \u00e0 l&#8217;envie d&#8217;accomplir des rituels cognitifs et comportementaux et \u00e0 r\u00e9duire l&#8217;\u00e9vitement des situations redout\u00e9es. Ces strat\u00e9gies visent \u00e0 am\u00e9liorer la capacit\u00e9 de l&#8217;individu \u00e0 participer davantage au traitement sp\u00e9cialis\u00e9, notamment aux &#8220;exp\u00e9riences comportementales&#8221; et\/ou aux exercices d\u2019exposition et de pr\u00e9vention de la r\u00e9ponse effectu\u00e9s avec le th\u00e9rapeute \u00e0 son cabinet&nbsp;et en situation r\u00e9elle, tel qu\u2019\u00e0 la r\u00e9sidence du patient ou \u00e0 son travail (e.g., Wilhelm &amp; Steketee, 2006).<\/p>\n\n\n\n<p><em><strong>Une vari\u00e9t\u00e9 de strat\u00e9gies sp\u00e9cialis\u00e9es pour les sous-types de sympt\u00f4mes de TOCS<\/strong><\/em> (e.g., lavage, v\u00e9rification, obsessions seulement, etc.) est disponible pour cr\u00e9er une nouvelle exp\u00e9rience d&#8217;apprentissage, d&#8217;identifier et de r\u00e9\u00e9valuer les pens\u00e9es et les peurs irr\u00e9alistes, de modifier la signification de ses exp\u00e9riences int\u00e9rieures de mena\u00e7antes \u00e0 b\u00e9nignes (Bream, Challacombe, Palmer et Salkovskis 2017), de pratiquer de nouvelles comp\u00e9tences et d&#8217;accro\u00eetre la confiance en soi et la r\u00e9silience.<\/p>\n\n\n\n<p>Les interventions sp\u00e9cialis\u00e9es de TCC pour les TOCS font r\u00e9f\u00e9rence au contenu, au processus, \u00e0 la dur\u00e9e et au lieu (e.g., &#8220;naturaliste&#8221;) de multiples interventions sp\u00e9cialis\u00e9es qui traitent des caract\u00e9ristiques sp\u00e9cifiques des sous-type de TOCS, et qui se distinguent des interventions de TCC d\u00e9velopp\u00e9es pour les troubles anxieux ou pour d&#8217;autres troubles (e.g., Sookman, 2016).<\/p>\n\n\n\n<p><strong><em>Des recherches<\/em> <em>contr\u00f4l\u00e9es<\/em><\/strong> ont d\u00e9montr\u00e9 que la th\u00e9rapie cognitive comportementale sp\u00e9cialis\u00e9e pour les TOCS est aussi efficace seule que lorsqu\u2019elle est combin\u00e9e \u00e0 la prise d\u2019une m\u00e9dication, de plus ses effets sont plus consid\u00e9rables et plus durables que la prise seule d\u2019une m\u00e9dication (e.g., Simpson et al., 2008, 2013). Le taux de rechute apr\u00e8s l&#8217;arr\u00eat de la m\u00e9dication seule est plus \u00e9lev\u00e9 que celui de la TCC combin\u00e9e \u00e0 la m\u00e9dication. Cependant, les m\u00e9dicaments peuvent \u00eatre tr\u00e8s utiles et sont n\u00e9cessaires pour de nombreux individus en combinaison avec une TCC sp\u00e9cialis\u00e9e. Les inhibiteurs de la recapture de la s\u00e9rotonine (ISRS) constituent la pharmacoth\u00e9rapie de premier choix pour les TOCS.<\/p>\n\n\n\n<p>Veuillez consulter <a href=\"https:\/\/www.ictoc.org\/pdf\/OCDinfoweb.pdf\">le <\/a><strong><a href=\"http:\/\/www.ictoc.org\/pdf\/OCDinfoweb.pdf\" target=\"_blank\" rel=\"noreferrer noopener\">brochure PDF<\/a><\/strong> <a href=\"http:\/\/www.ictoc.org\/pdf\/OCDinfoweb.pdf\" target=\"_blank\" rel=\"noreferrer noopener\"><\/a> pour de plus amples informations sur le sujet.<\/p>\n\n\n\n<p>Dans la mesure du possible, il est recommand\u00e9 que les TOCS soient trait\u00e9s par&nbsp;un <strong><em>professionnel sp\u00e9cialis\u00e9<\/em> <em>dans le traitement des TOCS ou dans une clinique sp\u00e9cialis\u00e9e en la mati\u00e8re o\u00f9 l&#8217;expertise et les ressources se concentrent sur ce trouble.<\/em><\/strong>&nbsp;Cette recommandation s\u2019applique sans \u00e9gard \u00e0 l\u2019\u00e2ge de la personne atteinte, \u00e0 la s\u00e9v\u00e9rit\u00e9 de son cas ou \u00e0 la nature de ses sympt\u00f4mes ou en pr\u00e9sence de comorbidit\u00e9 avec d\u2019autres troubles.<\/p>\n\n\n\n<p>La recherche clinique indique que, pour plusieurs individus, le pronostic de gu\u00e9rison des TOCS suivant un traitement sp\u00e9cialis\u00e9 est excellent. <em><strong>Il est av\u00e9r\u00e9 qu\u2019un traitement a r\u00e9ussi<\/strong><\/em> lorsque l&#8217;individu est capable d\u2019ex\u00e9cuter des exercices d\u2019exposition et depr\u00e9vention de la r\u00e9ponse, qu&#8217;il ne ritualise plus, qu&#8217;il ne s&#8217;engage pas dans l&#8217;\u00e9vitement li\u00e9 au TOCS et qu&#8217;il a appris des strat\u00e9gies alternatives cognitives, \u00e9motionnelles et comportementales adaptatives afin d\u2019affronter des \u00e9v\u00e9nements int\u00e9rieurs et ext\u00e9rieurs auparavant per\u00e7us comme mena\u00e7ants. Des crit\u00e8res d&#8217;\u00e9valuation de la r\u00e9cup\u00e9ration des sympt\u00f4mes apr\u00e8s le traitement ont \u00e9t\u00e9 propos\u00e9s (e.g., Sookman &amp; Steketee, 2010, Mataix-Cols et al., 2016).<\/p>\n\n\n\n<p><em><strong>Ces informations font r\u00e9f\u00e9rence aux TOCS en g\u00e9n\u00e9ral.<\/strong> <\/em>Afin de d\u00e9terminer le traitement indiqu\u00e9 pour chaque individu, il est conseill\u00e9 de consulter son m\u00e9decin qui au besoin recommandera une consultation aupr\u00e8s d\u2019un professionnel sp\u00e9cialis\u00e9 dans le traitement des TOCS.<\/p>\n\n\n\n<p>Debbie Sookman, Ph.D., November, 2023.<\/p>\n\n\n\n<hr class=\"wp-block-separator has-alpha-channel-opacity\"\/>\n\n\n\n<p><strong>Abramowitz, J. (2018). <em>Getting Over OCD, Second Edition, A 10-Step Workbook for Taking Back Your Life<\/em>. Guildford Press.<\/strong><\/p>\n\n\n\n<p><strong>Abramowitz, J. S. (2021).&nbsp;<em>The family guide to getting over OCD: Reclaim your life and help your loved one<\/em>. Guilford Publications.<\/strong><\/p>\n\n\n\n<p><strong>Arntz, A., Rauner, M., &amp; van den Hout, M. (1995). \u201cIf I feel anxious, there must be danger\u201d: Ex-consequentia reasoning in inferring danger in anxiety disorder. <em>Behaviour Research and Therapy<\/em>, 33, 917-925.<\/strong><\/p>\n\n\n\n<p><strong>Alcolado, G. M., &amp; Radomsky, A. S. (2015). A novel cognitive intervention for compulsive checking: Targeting maladaptive beliefs about memory. <em>Journal of Behavior Therapy and Experimental Psychiatry<\/em>, 53, 75\u201383.<\/strong><\/p>\n\n\n\n<p><strong>Bream, V., Challacombe, F., Palmer, A., and Salkovskis, P. (2017). <em>Cognitive Behaviour Therapy for Obsessive-compulsive Disorder. <\/em>Oxford University Press.<\/strong><\/p>\n\n\n\n<p><strong>Craske, M. G., Treanor, M., Conway, C. C., Zbozinek, T., &amp; Vervliet, B. (2014). Maximizing exposure therapy: an inhibitory learning approach. <em>Behaviour research and therapy<\/em>, 58, 10-23.<\/strong><\/p>\n\n\n\n<p><strong>Drummond,<\/strong> <strong>L. M., &amp; Edwards, L. J. (2022).<em> Everything you need to know about OCD<\/em>. Cambridge University Press.<\/strong><\/p>\n\n\n\n<p><strong>Leahy, R. (2020). <em>Don\u2019t believe everything you feel<\/em>. New Harbinger Publications, Inc.<\/strong><\/p>\n\n\n\n<p><strong>Mataix-Cols, D., Frost, R. O., Pertusa, A., Clark, L. A., Saxena, S., Leckman, J. F., Stein, D. J., Matsunaga, H., Wilhelm, S. (2010). Hoarding Disorder: A new diagnosis for DSM-V?, <em>Depression and Anxiety<\/em>, 27, 556-572.<\/strong><\/p>\n\n\n\n<p><strong>Phillips, K. A. (Editor). <em>Body Dysmorphic Disorder: Advances in Research and Clinical Practice<\/em>. New York, NY: Oxford University Press, 2017.<\/strong><\/p>\n\n\n\n<p><strong>Phillips K. A. (2017). The obsessive-compulsive and related disorders: A new category in DSM5. In C. Pittenger (Ed.), <em>Obsessive-Compulsive Disorder: <\/em><em>Phenomenology, Pathophysiology, and Treatment<\/em>. New York, NY: Oxford University Press.<\/strong><\/p>\n\n\n\n<p><strong>Pietrefesa, A. S., Schofield, C. A., Whiteside, S. P., S\u00f6chting, I., &amp; Coles, M. E. Obsessive beliefs in youth with OCD and their mothers (2010). <\/strong><strong><em>Journal of Cognitive Psychotherapy: An International Quarterly,<\/em> V. 24(3), 187-197<\/strong>.<\/p>\n\n\n\n<p><strong>S\u00f6chting, I. (2014). <em>Cognitive Behavioral Group Therapy: Challenges and Opportunities<\/em>.<\/strong> <strong>John Wiley and Sons, Ltd.<\/strong><\/p>\n\n\n\n<p><strong>Sookman, D. (2016). <em>Specialized cognitive behavior therapy for Obsessive Compulsive Disorder: An expert clinician guidebook<\/em>, Routledge.<\/strong><\/p>\n\n\n\n<p><strong>Sookman, D. (2018). <em>Specialized Cognitive Behavior Therapy for Obsessive Compulsive Disorder, In Science and Practice in Cognitive Therapy: <\/em><em>Foundations, Mechanisms, and Applications.<\/em> (Ed. Robert Leahy), Guilford, pp. 335-357.<\/strong><\/p>\n\n\n\n<p><strong>Sookman, D., Phillips, K. A., Mataix-Cols, D., Veale, D., (2021). Introduction to knowledge and competency standards for specialized treatments for obsessive-compulsive disorder throughout the lifespan: phase two series by the International Accreditation Task Force of The Canadian Institute for Obsessive Compulsive Disorders (CIOCD, www.ciocd.ca). <em>Psychiatry Res., <\/em>298. 113753. https:\/\/doi.org\/10.1016\/j.psychres.2021.113753.<\/strong><\/p>\n\n\n\n<p><strong>Tolin, D., Steketee, G., and Frost, R. (2014). <em>Buried in Treasures: Help for compulsive acquiring, saving, and hoarding<\/em>. Second Edition, Oxford University Press.<\/strong><\/p>\n\n\n\n<p><strong>Wilhelm, S., Phillips, K. A., and Steketee, G., (2012). <em>Cognitive-Behavioral Therapy for Body Dysmorphic Disorder: A Treatment Manual<\/em>, The Guilford Press.<\/strong><\/p>\n\n\n\n<p><strong>Wilhelm, S. and Steketee, G. (2006). <em>Cognitive therapy of obsessive-compulsive disorder: A guide for professionals.<\/em> Oakland, CA: New Harbinger.<\/strong><\/p>\n\n\n\n<p><strong>Veale, D, and Gilbert, P. (2014). Body Dysmorphic Disorder: the functional and evolutionary context and a compassionate mind. <em>Journal of Obsessive Compulsive and Related Disorders<\/em>, 3(2): 150\u2013160.<\/strong><\/p>\n\n\n\n<p><strong>Veale, D., &amp; Willson, R. (2021). <em>Overcoming Obsessive Compulsive Disorder: A self-help guide using cognitive behavioural techniques<\/em>. Robinson.<\/strong><\/p>\n\n\n<p><span style=\"font-family: calibri, helvetica, sans-serif;\"><!--:en--><\/span><\/p>\n<p>&nbsp;<\/p>\n<hr \/>\n<div class=\"text-center\">\u00a0<\/div>\n<div class=\"text-center\">\u00a0<\/div>\n<div class=\"text-center\"><a href=\"https:\/\/www.amazon.com\/Body-Dysmorphic-Disorder-Advances-Research\/dp\/0190254130\" target=\"_blank\" rel=\"noopener noreferrer\"><img loading=\"lazy\" decoding=\"async\" class=\"alignnone wp-image-758\" src=\"http:\/\/www.ictoc.org\/wp-content\/uploads\/2020\/01\/t1.png\" alt=\"\" width=\"120\" height=\"150\" \/><\/a> <a href=\"https:\/\/www.amazon.com\/Overcoming-Obsessive-Compulsive-Disorder-2nd-behavioural\/dp\/1472136012\" target=\"_blank\" rel=\"noopener noreferrer\"><img loading=\"lazy\" decoding=\"async\" class=\"alignnone wp-image-759\" src=\"http:\/\/www.ictoc.org\/wp-content\/uploads\/2020\/01\/t2.png\" alt=\"\" width=\"87\" height=\"150\" \/><\/a> <a href=\"https:\/\/www.amazon.com\/Cognitive-Behaviour-Therapy-Obsessive-compulsive-Disorder\/dp\/0198703260\" target=\"_blank\" rel=\"noopener noreferrer\"><img loading=\"lazy\" decoding=\"async\" class=\"alignnone wp-image-760\" src=\"http:\/\/www.ictoc.org\/wp-content\/uploads\/2020\/01\/t3.png\" alt=\"\" width=\"100\" height=\"150\" \/><\/a> <a href=\"https:\/\/www.amazon.com\/Specialized-Cognitive-Behavior-Obsessive-Compulsive\/dp\/0415899532\" target=\"_blank\" rel=\"noopener noreferrer\"><img loading=\"lazy\" decoding=\"async\" class=\"alignnone wp-image-761\" src=\"http:\/\/www.ictoc.org\/wp-content\/uploads\/2020\/01\/t4.png\" alt=\"\" width=\"100\" height=\"150\" \/><\/a> <a href=\"https:\/\/www.amazon.com\/Treating-OCD-Children-Adolescents-Cognitive-Behavioral\/dp\/1462538037\" target=\"_blank\" rel=\"noopener noreferrer\"><img loading=\"lazy\" decoding=\"async\" class=\"alignnone wp-image-762\" src=\"http:\/\/www.ictoc.org\/wp-content\/uploads\/2020\/01\/t5.png\" alt=\"\" width=\"98\" height=\"150\" \/><\/a><\/div>\n<div class=\"text-center\">\u00a0<\/div>\n<div class=\"text-center\"><a href=\"https:\/\/www.amazon.com\/Treatment-Resistant-Anxiety-Disorders-Resolving\/dp\/1138881724\" target=\"_blank\" rel=\"noopener noreferrer\"><img loading=\"lazy\" decoding=\"async\" class=\"alignnone wp-image-764\" src=\"http:\/\/www.ictoc.org\/wp-content\/uploads\/2020\/01\/u1.png\" alt=\"\" width=\"100\" height=\"150\" \/><\/a> <a href=\"https:\/\/www.amazon.com\/Getting-Over-OCD-Second-Self-Help\/dp\/1462529704\/ref=dp_ob_title_bk\" target=\"_blank\" rel=\"noopener noreferrer\"><img loading=\"lazy\" decoding=\"async\" class=\"alignnone wp-image-810\" src=\"http:\/\/www.ictoc.org\/wp-content\/uploads\/2020\/01\/ocd2nd.png\" alt=\"\" width=\"115\" height=\"150\" \/><\/a> <a href=\"https:\/\/www.amazon.com\/Cognitive-Therapy-Obsessive-Compulsive-Disorder-Professionals\/dp\/1572244291\" target=\"_blank\" rel=\"noopener noreferrer\"><img loading=\"lazy\" decoding=\"async\" class=\"alignnone wp-image-766\" src=\"http:\/\/www.ictoc.org\/wp-content\/uploads\/2020\/01\/u3.png\" alt=\"\" width=\"105\" height=\"150\" \/><\/a> <a href=\"https:\/\/www.amazon.com\/Talking-Back-OCD-Program-Parents\/dp\/1593853556\" target=\"_blank\" rel=\"noopener noreferrer\"><img loading=\"lazy\" decoding=\"async\" class=\"alignnone wp-image-767\" src=\"http:\/\/www.ictoc.org\/wp-content\/uploads\/2020\/01\/u4.png\" alt=\"\" width=\"100\" height=\"150\" \/><\/a> <a href=\"https:\/\/www.amazon.com\/Buried-Treasures-Compulsive-Acquiring-Treatments\/dp\/0199329257\" target=\"_blank\" rel=\"noopener noreferrer\"><img loading=\"lazy\" decoding=\"async\" class=\"alignnone wp-image-768\" src=\"http:\/\/www.ictoc.org\/wp-content\/uploads\/2020\/01\/u5.png\" alt=\"\" width=\"105\" height=\"150\" \/><\/a><\/div>\n<div class=\"text-center\">\u00a0<\/div>\n<div class=\"text-center\">\u00a0<\/div>\n<h4 class=\"text-center\" style=\"text-align: center;\">Multimedia<\/h4>\n<p class=\"text-center\" style=\"text-align: center;\">DVDs<br \/><span style=\"font-size: 14pt;\"><a href=\"https:\/\/www.amazon.com\/Touching-Tree-James-Callner\/dp\/B004FEG1OQ\"><span style=\"text-decoration: underline;\"><span style=\"color: #00ccff; text-decoration: underline;\">The Touching Tree<\/span><\/span><\/a><\/span><\/p>","protected":false},"excerpt":{"rendered":"<p>Informations sur les troubles obsessionnels compulsifs et les troubles apparent\u00e9s tout au long de la vie Les troubles obsessionnels compulsifs (TOCS) sont le quatri\u00e8me trouble mental le plus fr\u00e9quent et l&#8217;une des dix principales causes d&#8217;incapacit\u00e9 m\u00e9dicale dans le monde (Organisation mondiale de la sant\u00e9, 1999). La pr\u00e9valence combin\u00e9e des TOCS et des troubles apparent\u00e9s&#8230;  <a href=\"https:\/\/www.ictoc.org\/fr\/ocd-information\/\" title=\"Read OCD Information\">Read more &raquo;<\/a><\/p>\n","protected":false},"author":3,"featured_media":0,"parent":0,"menu_order":0,"comment_status":"closed","ping_status":"open","template":"page-fullwidth.php","meta":{"footnotes":""},"class_list":["post-23","page","type-page","status-publish","hentry"],"_links":{"self":[{"href":"https:\/\/www.ictoc.org\/fr\/wp-json\/wp\/v2\/pages\/23","targetHints":{"allow":["GET"]}}],"collection":[{"href":"https:\/\/www.ictoc.org\/fr\/wp-json\/wp\/v2\/pages"}],"about":[{"href":"https:\/\/www.ictoc.org\/fr\/wp-json\/wp\/v2\/types\/page"}],"author":[{"embeddable":true,"href":"https:\/\/www.ictoc.org\/fr\/wp-json\/wp\/v2\/users\/3"}],"replies":[{"embeddable":true,"href":"https:\/\/www.ictoc.org\/fr\/wp-json\/wp\/v2\/comments?post=23"}],"version-history":[{"count":86,"href":"https:\/\/www.ictoc.org\/fr\/wp-json\/wp\/v2\/pages\/23\/revisions"}],"predecessor-version":[{"id":1152,"href":"https:\/\/www.ictoc.org\/fr\/wp-json\/wp\/v2\/pages\/23\/revisions\/1152"}],"wp:attachment":[{"href":"https:\/\/www.ictoc.org\/fr\/wp-json\/wp\/v2\/media?parent=23"}],"curies":[{"name":"wp","href":"https:\/\/api.w.org\/{rel}","templated":true}]}}